{"id":2390,"date":"2022-11-08T08:45:54","date_gmt":"2022-11-08T08:45:54","guid":{"rendered":"https:\/\/prueba.flonasa.com\/?page_id=2390"},"modified":"2022-12-05T06:21:34","modified_gmt":"2022-12-05T06:21:34","slug":"soporte-tecnico","status":"publish","type":"page","link":"https:\/\/flonasa.com\/?page_id=2390","title":{"rendered":"Soporte T\u00e9cnico"},"content":{"rendered":"\n<p class=\"has-text-align-center uag-hide-tab uag-hide-mob has-black-color has-ast-global-color-0-background-color has-text-color has-background has-medium-font-size\" style=\"margin-top:var(--wp--preset--spacing--50);margin-right:var(--wp--preset--spacing--50);margin-bottom:var(--wp--preset--spacing--50);margin-left:var(--wp--preset--spacing--50)\"><strong>INFORMACI\u00d3N T\u00c9CNICA<\/strong><\/p>\n\n\n\n<p class=\"uag-hide-tab uag-hide-mob has-black-color has-white-background-color has-text-color has-background has-medium-font-size\" style=\"margin-top:var(--wp--preset--spacing--50);margin-right:var(--wp--preset--spacing--50);margin-bottom:var(--wp--preset--spacing--50);margin-left:var(--wp--preset--spacing--50)\">Desde aqu\u00ed podr\u00e1 acceder a la descargas de manuales, informaci\u00f3n t\u00e9cnica y modificaciones para estar al orden del d\u00eda. Cliqueando sobre la fotograf\u00eda de la tarjeta de maniobra o sobre el numero de tarjeta se abrir\u00e1 el manual t\u00e9cnico de cada modelo.<\/p>\n\n\n\n<p class=\"has-text-align-center has-black-color has-ast-global-color-0-background-color has-text-color has-background\" style=\"font-size:25px\">MANUALES:<img decoding=\"async\" class=\"wp-image-2467\" style=\"width: 250px;\" src=\"https:\/\/flonasa.com\/wp-content\/uploads\/2022\/11\/Manuales-_-1.jpg\" alt=\"\"><\/p>\n\n\n\n<p class=\"has-black-color has-ast-global-color-6-background-color has-text-color has-background has-medium-font-size\">Tarjeta de maniobra 2007 <a href=\"https:\/\/flonasa.com\/wp-content\/uploads\/2022\/11\/Manual-Tecnico-2007B-1.pdf\" data-type=\"attachment\" data-id=\"2716\" target=\"_blank\" rel=\"noreferrer noopener\"><img loading=\"lazy\" decoding=\"async\" width=\"80\" height=\"80\" class=\"wp-image-2423\" style=\"width: 80px;\" src=\"https:\/\/flonasa.com\/wp-content\/uploads\/2022\/11\/2007-1.jpg\" alt=\"\" srcset=\"https:\/\/flonasa.com\/wp-content\/uploads\/2022\/11\/2007-1.jpg 1434w, https:\/\/flonasa.com\/wp-content\/uploads\/2022\/11\/2007-1-300x300.jpg 300w, https:\/\/flonasa.com\/wp-content\/uploads\/2022\/11\/2007-1-100x100.jpg 100w, https:\/\/flonasa.com\/wp-content\/uploads\/2022\/11\/2007-1-600x598.jpg 600w, https:\/\/flonasa.com\/wp-content\/uploads\/2022\/11\/2007-1-1024x1020.jpg 1024w, https:\/\/flonasa.com\/wp-content\/uploads\/2022\/11\/2007-1-150x150.jpg 150w, https:\/\/flonasa.com\/wp-content\/uploads\/2022\/11\/2007-1-768x765.jpg 768w\" sizes=\"auto, (max-width: 80px) 100vw, 80px\" \/><\/a> Manual T\u00e9cnico&nbsp;<strong><a href=\"https:\/\/flonasa.com\/wp-content\/uploads\/2022\/11\/Manual-Tecnico-2007B-1.pdf\" data-type=\"attachment\" data-id=\"2716\" target=\"_blank\" rel=\"noreferrer noopener\">2007<\/a><\/strong>.                    <\/p>\n\n\n\n<p class=\"has-black-color has-ast-global-color-6-background-color has-text-color has-background has-medium-font-size\">Tarjeta de maniobra 2001 <a href=\"https:\/\/flonasa.com\/wp-content\/uploads\/2022\/11\/manualtecnico2001-1.pdf\" data-type=\"attachment\" data-id=\"2715\" target=\"_blank\" rel=\"noreferrer noopener\"><img loading=\"lazy\" decoding=\"async\" width=\"80\" height=\"83\" class=\"wp-image-2421\" style=\"width: 80px;\" src=\"https:\/\/flonasa.com\/wp-content\/uploads\/2022\/11\/2001.jpg\" alt=\"\" srcset=\"https:\/\/flonasa.com\/wp-content\/uploads\/2022\/11\/2001.jpg 1410w, https:\/\/flonasa.com\/wp-content\/uploads\/2022\/11\/2001-300x310.jpg 300w, https:\/\/flonasa.com\/wp-content\/uploads\/2022\/11\/2001-600x621.jpg 600w, https:\/\/flonasa.com\/wp-content\/uploads\/2022\/11\/2001-290x300.jpg 290w, https:\/\/flonasa.com\/wp-content\/uploads\/2022\/11\/2001-990x1024.jpg 990w, https:\/\/flonasa.com\/wp-content\/uploads\/2022\/11\/2001-768x795.jpg 768w\" sizes=\"auto, (max-width: 80px) 100vw, 80px\" \/><\/a> Manual T\u00e9cnico&nbsp;<strong><a href=\"https:\/\/flonasa.com\/wp-content\/uploads\/2022\/11\/manualtecnico2001-1.pdf\" data-type=\"attachment\" data-id=\"2715\" target=\"_blank\" rel=\"noreferrer noopener\">2001<\/a><\/strong>. <\/p>\n\n\n\n<p class=\"has-black-color has-ast-global-color-6-background-color has-text-color has-background has-medium-font-size\">Tarjeta&nbsp;de maniobra 100B <a href=\"https:\/\/flonasa.com\/wp-content\/uploads\/2022\/11\/m.tecnico100b-1.pdf\" data-type=\"attachment\" data-id=\"2712\" target=\"_blank\" rel=\"noreferrer noopener\"><img loading=\"lazy\" decoding=\"async\" width=\"80\" height=\"82\" class=\"wp-image-2419\" style=\"width: 80px;\" src=\"https:\/\/flonasa.com\/wp-content\/uploads\/2022\/11\/100B.jpg\" alt=\"\" srcset=\"https:\/\/flonasa.com\/wp-content\/uploads\/2022\/11\/100B.jpg 1584w, https:\/\/flonasa.com\/wp-content\/uploads\/2022\/11\/100B-300x307.jpg 300w, https:\/\/flonasa.com\/wp-content\/uploads\/2022\/11\/100B-600x614.jpg 600w, https:\/\/flonasa.com\/wp-content\/uploads\/2022\/11\/100B-293x300.jpg 293w, https:\/\/flonasa.com\/wp-content\/uploads\/2022\/11\/100B-1001x1024.jpg 1001w, https:\/\/flonasa.com\/wp-content\/uploads\/2022\/11\/100B-768x785.jpg 768w, https:\/\/flonasa.com\/wp-content\/uploads\/2022\/11\/100B-1502x1536.jpg 1502w\" sizes=\"auto, (max-width: 80px) 100vw, 80px\" \/><\/a> Manual T\u00e9cnico&nbsp;<strong><a href=\"https:\/\/flonasa.com\/wp-content\/uploads\/2022\/11\/m.tecnico100b-1.pdf\" data-type=\"attachment\" data-id=\"2712\" target=\"_blank\" rel=\"noreferrer noopener\">100B<\/a><\/strong>. <\/p>\n\n\n\n<p class=\"has-black-color has-ast-global-color-6-background-color has-text-color has-background has-medium-font-size\">Tarjeta de maniobra 301 <a href=\"https:\/\/flonasa.com\/wp-content\/uploads\/2022\/11\/m.tecnico301-1.pdf\" data-type=\"attachment\" data-id=\"2710\" target=\"_blank\" rel=\"noreferrer noopener\"><img loading=\"lazy\" decoding=\"async\" width=\"75\" height=\"116\" class=\"wp-image-2409\" style=\"width: 75px;\" src=\"https:\/\/flonasa.com\/wp-content\/uploads\/2022\/11\/301B.jpg\" alt=\"\" srcset=\"https:\/\/flonasa.com\/wp-content\/uploads\/2022\/11\/301B.jpg 1338w, https:\/\/flonasa.com\/wp-content\/uploads\/2022\/11\/301B-300x466.jpg 300w, https:\/\/flonasa.com\/wp-content\/uploads\/2022\/11\/301B-600x931.jpg 600w, https:\/\/flonasa.com\/wp-content\/uploads\/2022\/11\/301B-193x300.jpg 193w, https:\/\/flonasa.com\/wp-content\/uploads\/2022\/11\/301B-660x1024.jpg 660w, https:\/\/flonasa.com\/wp-content\/uploads\/2022\/11\/301B-768x1192.jpg 768w, https:\/\/flonasa.com\/wp-content\/uploads\/2022\/11\/301B-989x1536.jpg 989w, https:\/\/flonasa.com\/wp-content\/uploads\/2022\/11\/301B-1319x2048.jpg 1319w\" sizes=\"auto, (max-width: 75px) 100vw, 75px\" \/><\/a> Manual T\u00e9cnico&nbsp;<strong><a href=\"https:\/\/flonasa.com\/wp-content\/uploads\/2022\/11\/m.tecnico301-1.pdf\" data-type=\"attachment\" data-id=\"2710\" target=\"_blank\" rel=\"noreferrer noopener\">301<\/a><\/strong>.                                                              <\/p>\n\n\n\n<p class=\"has-ast-global-color-8-color has-ast-global-color-6-background-color has-text-color has-background has-medium-font-size\">Tarjetas&nbsp;de maniobra RF55A <a href=\"https:\/\/flonasa.com\/wp-content\/uploads\/2022\/11\/m.tecnicorf55a-1.pdf\" data-type=\"attachment\" data-id=\"2707\" target=\"_blank\" rel=\"noreferrer noopener\"><img loading=\"lazy\" decoding=\"async\" width=\"150\" height=\"47\" class=\"wp-image-2418\" style=\"width: 150px;\" src=\"https:\/\/flonasa.com\/wp-content\/uploads\/2022\/11\/55.jpg\" alt=\"\" srcset=\"https:\/\/flonasa.com\/wp-content\/uploads\/2022\/11\/55.jpg 2493w, https:\/\/flonasa.com\/wp-content\/uploads\/2022\/11\/55-300x95.jpg 300w, https:\/\/flonasa.com\/wp-content\/uploads\/2022\/11\/55-600x189.jpg 600w, https:\/\/flonasa.com\/wp-content\/uploads\/2022\/11\/55-1024x323.jpg 1024w, https:\/\/flonasa.com\/wp-content\/uploads\/2022\/11\/55-768x242.jpg 768w, https:\/\/flonasa.com\/wp-content\/uploads\/2022\/11\/55-1536x485.jpg 1536w, https:\/\/flonasa.com\/wp-content\/uploads\/2022\/11\/55-2048x647.jpg 2048w\" sizes=\"auto, (max-width: 150px) 100vw, 150px\" \/><\/a> Manual T\u00e9cnico&nbsp;<strong><a href=\"https:\/\/flonasa.com\/wp-content\/uploads\/2022\/11\/m.tecnicorf55a-1.pdf\" target=\"_blank\" rel=\"noreferrer noopener\">RF55A<\/a><\/strong>.        <\/p>\n\n\n\n<p class=\"has-black-color has-ast-global-color-6-background-color has-text-color has-background has-medium-font-size\"><strong><a href=\"https:\/\/flonasa.com\/wp-content\/uploads\/2022\/11\/manualhtl25-1.pdf\" data-type=\"attachment\" data-id=\"2719\" target=\"_blank\" rel=\"noreferrer noopener\">Manual T\u00e9cnico HTL<\/a><\/strong>.  <a href=\"https:\/\/flonasa.com\/wp-content\/uploads\/2022\/11\/manualhtl25-1.pdf\" data-type=\"attachment\" data-id=\"2719\" target=\"_blank\" rel=\"noreferrer noopener\"><img loading=\"lazy\" decoding=\"async\" width=\"80\" height=\"71\" class=\"wp-image-2490\" style=\"width: 80px;\" src=\"https:\/\/flonasa.com\/wp-content\/uploads\/2022\/11\/HTL250.jpg\" alt=\"\" srcset=\"https:\/\/flonasa.com\/wp-content\/uploads\/2022\/11\/HTL250.jpg 336w, https:\/\/flonasa.com\/wp-content\/uploads\/2022\/11\/HTL250-300x268.jpg 300w\" sizes=\"auto, (max-width: 80px) 100vw, 80px\" \/><\/a>    <\/p>\n\n\n\n<p class=\"has-black-color has-ast-global-color-6-background-color has-text-color has-background has-medium-font-size\"><a href=\"https:\/\/flonasa.com\/wp-content\/uploads\/2022\/12\/CambioCableado2004A.jpg\" data-type=\"attachment\" data-id=\"3223\" target=\"_blank\" rel=\"noreferrer noopener\">Cambio Cableado 2004A<\/a> <a href=\"https:\/\/flonasa.com\/wp-content\/uploads\/2022\/12\/CambioCableado2004A.jpg\" data-type=\"attachment\" data-id=\"3223\" target=\"_blank\" rel=\"noreferrer noopener\"><img loading=\"lazy\" decoding=\"async\" width=\"150\" height=\"193\" class=\"wp-image-3223\" style=\"width: 150px;\" src=\"https:\/\/flonasa.com\/wp-content\/uploads\/2022\/12\/CambioCableado2004A.jpg\" alt=\"\" srcset=\"https:\/\/flonasa.com\/wp-content\/uploads\/2022\/12\/CambioCableado2004A.jpg 720w, https:\/\/flonasa.com\/wp-content\/uploads\/2022\/12\/CambioCableado2004A-233x300.jpg 233w, https:\/\/flonasa.com\/wp-content\/uploads\/2022\/12\/CambioCableado2004A-300x387.jpg 300w, https:\/\/flonasa.com\/wp-content\/uploads\/2022\/12\/CambioCableado2004A-600x773.jpg 600w\" sizes=\"auto, (max-width: 150px) 100vw, 150px\" \/><\/a><a rel=\"noreferrer noopener\" href=\"https:\/\/flonasa.com\/wp-content\/uploads\/2022\/11\/2004-cambio-cable.jpg\" data-type=\"attachment\" data-id=\"2588\" target=\"_blank\"><\/a><\/p>\n\n\n\n<p class=\"has-ast-global-color-8-color has-ast-global-color-6-background-color has-text-color has-background has-medium-font-size\"><a rel=\"noreferrer noopener\" href=\"https:\/\/flonasa.com\/wp-content\/uploads\/2022\/12\/cableado-tarjeta-2004-2007A-12-03-20.jpg\" data-type=\"attachment\" data-id=\"3222\" target=\"_blank\">Cambio Cableado tarjeta<\/a><a href=\"https:\/\/flonasa.com\/wp-content\/uploads\/2022\/12\/cableado-tarjeta-2004-2007A-12-03-20.jpg\" data-type=\"attachment\" data-id=\"3222\" target=\"_blank\" rel=\"noreferrer noopener\"> <\/a><a rel=\"noreferrer noopener\" href=\"https:\/\/flonasa.com\/wp-content\/uploads\/2022\/12\/cableado-tarjeta-2004-2007A-12-03-20.jpg\" data-type=\"attachment\" data-id=\"3222\" target=\"_blank\">2004 a 2007 <img loading=\"lazy\" decoding=\"async\" width=\"150\" height=\"213\" class=\"wp-image-3222\" style=\"width: 150px;\" src=\"https:\/\/flonasa.com\/wp-content\/uploads\/2022\/12\/cableado-tarjeta-2004-2007A-12-03-20.jpg\" alt=\"\" srcset=\"https:\/\/flonasa.com\/wp-content\/uploads\/2022\/12\/cableado-tarjeta-2004-2007A-12-03-20.jpg 1648w, https:\/\/flonasa.com\/wp-content\/uploads\/2022\/12\/cableado-tarjeta-2004-2007A-12-03-20-212x300.jpg 212w, https:\/\/flonasa.com\/wp-content\/uploads\/2022\/12\/cableado-tarjeta-2004-2007A-12-03-20-722x1024.jpg 722w, https:\/\/flonasa.com\/wp-content\/uploads\/2022\/12\/cableado-tarjeta-2004-2007A-12-03-20-768x1089.jpg 768w, https:\/\/flonasa.com\/wp-content\/uploads\/2022\/12\/cableado-tarjeta-2004-2007A-12-03-20-1084x1536.jpg 1084w, https:\/\/flonasa.com\/wp-content\/uploads\/2022\/12\/cableado-tarjeta-2004-2007A-12-03-20-1445x2048.jpg 1445w, https:\/\/flonasa.com\/wp-content\/uploads\/2022\/12\/cableado-tarjeta-2004-2007A-12-03-20-300x425.jpg 300w, https:\/\/flonasa.com\/wp-content\/uploads\/2022\/12\/cableado-tarjeta-2004-2007A-12-03-20-600x850.jpg 600w\" sizes=\"auto, (max-width: 150px) 100vw, 150px\" \/><\/a><\/p>\n\n\n\n<p class=\"has-black-color has-ast-global-color-6-background-color has-text-color has-background has-medium-font-size\"><a rel=\"noreferrer noopener\" href=\"https:\/\/flonasa.com\/wp-content\/uploads\/2022\/11\/AJUSTETIEMPODESPRENDIMIENTO-2.pdf\" data-type=\"attachment\" data-id=\"2717\" target=\"_blank\">Ajuste Tiempo Desprendimiento con Levas<\/a> <\/p>\n\n\n\n<p class=\"has-ast-global-color-6-background-color has-background has-medium-font-size\"><a href=\"https:\/\/flonasa.com\/wp-content\/uploads\/2022\/12\/Cables_Giro_Cubeta.jpg\" data-type=\"attachment\" data-id=\"3208\" target=\"_blank\" rel=\"noreferrer noopener\">Tipos Cable Giro Cubeta<\/a> <a rel=\"noreferrer noopener\" href=\"https:\/\/flonasa.com\/wp-content\/uploads\/2022\/12\/Cables_Giro_Cubeta.jpg\" data-type=\"attachment\" data-id=\"3208\" target=\"_blank\"><img loading=\"lazy\" decoding=\"async\" width=\"150\" height=\"81\" class=\"wp-image-3208\" style=\"width: 150px;\" src=\"https:\/\/flonasa.com\/wp-content\/uploads\/2022\/12\/Cables_Giro_Cubeta.jpg\" alt=\"\" srcset=\"https:\/\/flonasa.com\/wp-content\/uploads\/2022\/12\/Cables_Giro_Cubeta.jpg 1175w, https:\/\/flonasa.com\/wp-content\/uploads\/2022\/12\/Cables_Giro_Cubeta-300x162.jpg 300w, https:\/\/flonasa.com\/wp-content\/uploads\/2022\/12\/Cables_Giro_Cubeta-1024x554.jpg 1024w, https:\/\/flonasa.com\/wp-content\/uploads\/2022\/12\/Cables_Giro_Cubeta-768x416.jpg 768w, https:\/\/flonasa.com\/wp-content\/uploads\/2022\/12\/Cables_Giro_Cubeta-600x325.jpg 600w\" sizes=\"auto, (max-width: 150px) 100vw, 150px\" \/><\/a><\/p>\n\n\n\n<p class=\"has-ast-global-color-5-color has-ast-global-color-0-background-color has-text-color has-background has-medium-font-size\">SOPORTE Y ORIENTACI\u00d3N A T\u00c9CNICOS: &nbsp; &nbsp; &nbsp; &nbsp; &nbsp; &nbsp; &nbsp; &nbsp; &nbsp; &nbsp; &nbsp; &nbsp; &nbsp; &nbsp;  &nbsp; &nbsp;  &nbsp;&nbsp;&nbsp;&nbsp;+34 &nbsp;629 44 59 30<\/p>\n","protected":false},"excerpt":{"rendered":"<p>INFORMACI\u00d3N T\u00c9CNICA Desde aqu\u00ed podr\u00e1 acceder a la descargas de manuales, informaci\u00f3n t\u00e9cnica y modificaciones para estar al orden del d\u00eda. Cliqueando sobre la fotograf\u00eda de la tarjeta de maniobra o sobre el numero de tarjeta se abrir\u00e1 el manual t\u00e9cnico de cada modelo. MANUALES: Tarjeta de maniobra 2007 Manual T\u00e9cnico&nbsp;2007. Tarjeta de maniobra 2001 [&hellip;]<\/p>\n","protected":false},"author":1,"featured_media":0,"parent":0,"menu_order":0,"comment_status":"closed","ping_status":"closed","template":"","meta":{"site-sidebar-layout":"default","site-content-layout":"","ast-site-content-layout":"default","site-content-style":"default","site-sidebar-style":"default","ast-global-header-display":"","ast-banner-title-visibility":"","ast-main-header-display":"","ast-hfb-above-header-display":"","ast-hfb-below-header-display":"","ast-hfb-mobile-header-display":"","site-post-title":"","ast-breadcrumbs-content":"","ast-featured-img":"","footer-sml-layout":"","ast-disable-related-posts":"","theme-transparent-header-meta":"","adv-header-id-meta":"","stick-header-meta":"","header-above-stick-meta":"","header-main-stick-meta":"","header-below-stick-meta":"","astra-migrate-meta-layouts":"default","ast-page-background-enabled":"default","ast-page-background-meta":{"desktop":{"background-color":"var(--ast-global-color-4)","background-image":"","background-repeat":"repeat","background-position":"center center","background-size":"auto","background-attachment":"scroll","background-type":"","background-media":"","overlay-type":"","overlay-color":"","overlay-opacity":"","overlay-gradient":""},"tablet":{"background-color":"","background-image":"","background-repeat":"repeat","background-position":"center center","background-size":"auto","background-attachment":"scroll","background-type":"","background-media":"","overlay-type":"","overlay-color":"","overlay-opacity":"","overlay-gradient":""},"mobile":{"background-color":"","background-image":"","background-repeat":"repeat","background-position":"center center","background-size":"auto","background-attachment":"scroll","background-type":"","background-media":"","overlay-type":"","overlay-color":"","overlay-opacity":"","overlay-gradient":""}},"ast-content-background-meta":{"desktop":{"background-color":"var(--ast-global-color-5)","background-image":"","background-repeat":"repeat","background-position":"center center","background-size":"auto","background-attachment":"scroll","background-type":"","background-media":"","overlay-type":"","overlay-color":"","overlay-opacity":"","overlay-gradient":""},"tablet":{"background-color":"var(--ast-global-color-5)","background-image":"","background-repeat":"repeat","background-position":"center center","background-size":"auto","background-attachment":"scroll","background-type":"","background-media":"","overlay-type":"","overlay-color":"","overlay-opacity":"","overlay-gradient":""},"mobile":{"background-color":"var(--ast-global-color-5)","background-image":"","background-repeat":"repeat","background-position":"center center","background-size":"auto","background-attachment":"scroll","background-type":"","background-media":"","overlay-type":"","overlay-color":"","overlay-opacity":"","overlay-gradient":""}},"footnotes":""},"class_list":["post-2390","page","type-page","status-publish","hentry"],"_links":{"self":[{"href":"https:\/\/flonasa.com\/index.php?rest_route=\/wp\/v2\/pages\/2390","targetHints":{"allow":["GET"]}}],"collection":[{"href":"https:\/\/flonasa.com\/index.php?rest_route=\/wp\/v2\/pages"}],"about":[{"href":"https:\/\/flonasa.com\/index.php?rest_route=\/wp\/v2\/types\/page"}],"author":[{"embeddable":true,"href":"https:\/\/flonasa.com\/index.php?rest_route=\/wp\/v2\/users\/1"}],"replies":[{"embeddable":true,"href":"https:\/\/flonasa.com\/index.php?rest_route=%2Fwp%2Fv2%2Fcomments&post=2390"}],"version-history":[{"count":8,"href":"https:\/\/flonasa.com\/index.php?rest_route=\/wp\/v2\/pages\/2390\/revisions"}],"predecessor-version":[{"id":3227,"href":"https:\/\/flonasa.com\/index.php?rest_route=\/wp\/v2\/pages\/2390\/revisions\/3227"}],"wp:attachment":[{"href":"https:\/\/flonasa.com\/index.php?rest_route=%2Fwp%2Fv2%2Fmedia&parent=2390"}],"curies":[{"name":"wp","href":"https:\/\/api.w.org\/{rel}","templated":true}]}}