{"id":2392,"date":"2022-11-08T08:45:54","date_gmt":"2022-11-08T08:45:54","guid":{"rendered":"https:\/\/prueba.flonasa.com\/?page_id=2392"},"modified":"2022-11-08T08:45:54","modified_gmt":"2022-11-08T08:45:54","slug":"informacion-legal","status":"publish","type":"page","link":"https:\/\/flonasa.com\/?page_id=2392","title":{"rendered":"<strong>Informaci\u00f3n Legal<\/strong>"},"content":{"rendered":"\n<p><\/p>\n\n\n\n<p><\/p>\n\n\n\n<p class=\"has-text-align-center has-black-color has-text-color has-large-font-size\"><strong>Informaci\u00f3n Legal<\/strong><\/p>\n\n\n\n<p><strong>FLONASA SL<\/strong><br>Psge. Llobregat, nave 2&nbsp;<br>Palau Solit\u00e0 i Plegamans. 08184<\/p>\n\n\n\n<p><br><strong>Tel.<\/strong>: + 00 34&nbsp;93 864 67 43<br><strong>E-Mail<\/strong>.:&nbsp;123@flonasa.com<\/p>\n\n\n\n<p><strong>Propietario y responsable del contenido:<\/strong><br><strong>FLONASA SL<\/strong><\/p>\n\n\n\n<h3 class=\"wp-block-heading\"><strong>Condiciones Generales<\/strong><\/h3>\n\n\n\n<p>Vista General:<\/p>\n\n\n\n<p><strong>1. Ambito<\/strong><br><strong>2. Asociado<\/strong><br><strong>3. Oferta y formalizaci\u00f3n del contrato<\/strong><br><strong>4. Texto del contrato<\/strong><br><strong>5. Derecho de rescisi\u00f3n<\/strong><br><strong>6. Costes de env\u00edo<\/strong><br><strong>7. Entrega<\/strong><br><strong>8. Pago<\/strong><br><strong>9. Reserva de propiedad<\/strong><br><strong>10. Garant\u00eda<\/strong><\/p>\n\n\n\n<p><strong>1. Ambito<\/strong><\/p>\n\n\n\n<p>Para todos los env\u00edos de FLONASA SL a un cliente se aplican las siguientes condiciones y t\u00e9rminos generales.<\/p>\n\n\n\n<p><strong>2. Asociado<\/strong><\/p>\n\n\n\n<p>El&nbsp;contrato de compra incluye:&nbsp;<br><br>Nuestro Servicio de Atenci\u00f3n al Cliente est\u00e1 a su disposici\u00f3n para responder a sus preguntas, reclamaciones y sugerencias todos los d\u00edas laborables entre las 9:00h y las 18:00h.<\/p>\n\n\n\n<p><strong>Tel\u00e9fono:<\/strong>&nbsp;+ 00 34&nbsp;<strong>93 864 67 43<\/strong>&nbsp;<\/p>\n\n\n\n<p><strong>Correo electr\u00f3nico<\/strong>:&nbsp;123@flonasa.com.<\/p>\n\n\n\n<p><strong>1. Ambito<\/strong><\/p>\n\n\n\n<p>Para todos los env\u00edos de FLONASA SL a un cliente se aplican las siguientes condiciones y t\u00e9rminos generales.<\/p>\n\n\n\n<p><strong>2. Asociado<\/strong><\/p>\n\n\n\n<p>El&nbsp;contrato de compra incluye:&nbsp;<br><br>Nuestro Servicio de Atenci\u00f3n al Cliente est\u00e1 a su disposici\u00f3n para responder a sus preguntas, reclamaciones y sugerencias todos los d\u00edas laborables entre las 9:00h y las 18:00h.<\/p>\n\n\n\n<p><strong>Tel\u00e9fono:<\/strong>&nbsp;+ 00 34&nbsp;<strong>93 864 67 43<\/strong>&nbsp;<\/p>\n\n\n\n<p><strong>Correo electr\u00f3nico<\/strong>:&nbsp;<a href=\"mailto:123@flonasa.com\" target=\"_blank\" rel=\"noreferrer noopener\">123@flonasa.com<\/a>.<\/p>\n\n\n\n<p><strong>3. Oferta y formalizaci\u00f3n del contrato<\/strong><\/p>\n\n\n\n<p>3.1 La presentaci\u00f3n de los productos en la tienda online no constituye una oferta con efectos jur\u00eddicos, sino una mera invitaci\u00f3n a efectuar pedidos. Todas las ofertas se entienden \u00abhasta fin de existencias\u00bb, siempre y cuando no se indique otra cosa para el producto en cuesti\u00f3n, sin perjuicio de que se puedan producir equivocaciones.<\/p>\n\n\n\n<p>3.2 Al hacer clic en el comando \u00abFinalizar pedido\u00bb en el \u00faltimo paso del proceso de pedido, se genera un pedido con efectos jur\u00eddicos de las mercanc\u00edas contenidas en la cesta de compra. El contrato de compraventa se formalizar\u00e1 en el momento en que nosotros aceptemos su pedido por medio de una confirmaci\u00f3n del mismo que le haremos llegar por e-mail inmediatamente despu\u00e9s de recibir su pedido.<\/p>\n\n\n\n<p><strong>4. Texto del contrato<\/strong><\/p>\n\n\n\n<p>El&nbsp;texto del contrato queda guardado en nuestro sistema interno. Usted podr\u00e1 consultar las Condiciones Generales de Contrato en todo momento en esta p\u00e1gina.<\/p>\n\n\n\n<p><strong>5. Derecho de rescisi\u00f3n<\/strong><\/p>\n\n\n\n<p>A los&nbsp;&nbsp;consumidores les asiste, un derecho de rescisi\u00f3n.<br><br><strong>Informaci\u00f3n sobre la rescisi\u00f3n<\/strong><br>Usted podr\u00e1 rescindir su contrato por escrito (p.ej. por carta, fax, e-mail), sin necesidad de motivaci\u00f3n alguna, o mediante la devoluci\u00f3n de la mercanc\u00eda. El plazo en ambos casos es de dos semanas a contar desde el momento de la recepci\u00f3n de la presente informaci\u00f3n. Para cumplir con el plazo establecido es suficiente con enviar dentro del mismo el escrito de rescisi\u00f3n o, en su caso, la mercanc\u00eda. El escrito de rescisi\u00f3n debe ir dirigido a:<\/p>\n\n\n\n<p><strong>FLONASA SL<\/strong><br>Passatge Llobregat Nave 2.&nbsp;<br>Palau Solit\u00e0 i Plegamans 08184<br><br>E-Mail:&nbsp;<a rel=\"noreferrer noopener\" href=\"mailto:123@flonasa.com\" target=\"_blank\">123@flonasa.com<\/a>&nbsp;<br>Fax: + 00 34&nbsp;93 864 43 73<\/p>\n\n\n\n<p><strong>Consecuencias de la rescisi\u00f3n<\/strong><br>Cuando tenga lugar una rescisi\u00f3n v\u00e1lida, ambas partes deber\u00e1n devolver las prestaciones recibidas, as\u00ed como entregar, en su caso, los rendimientos derivados de las mismas (p.ej.intereses). Si no le es posible devolvernos en su totalidad o en parte la prestaci\u00f3n recibida, o s\u00f3lo le es posible hacerlo en un estado peor que el original, estar\u00e1 obligado a compensar la p\u00e9rdida de valor correspondiente. Esto no ser\u00e1 de aplicaci\u00f3n en el caso de la entrega de mercanc\u00edas cuando el empeoramiento de su estado haya surgido durante el examen de la mercanc\u00eda &#8211; al que usted haya procedido, por ejemplo, en la tienda -. Tambi\u00e9n quedar\u00e1 exento de la obligaci\u00f3n de indemnizarnos si no llega a disponer de la mercanc\u00eda como si fuese de su propiedad e interrumpe toda acci\u00f3n que pueda da\u00f1arla. Las mercanc\u00edas que puedan ser empaquetadas deben devolverse empaquetadas. Las dem\u00e1s mercanc\u00edas las recogeremos nosotros en la direcci\u00f3n que usted nos indique. Usted correr\u00e1 con los gastos de la devoluci\u00f3n si la mercanc\u00eda entregada se corresponde con la pedida por usted y si su precio no supera los 40 euros, o si, en el supuesto de que el precio de la mercanc\u00eda fuese superior, usted no hubiera realizado la contraprestaci\u00f3n o un pago parcial acordado por v\u00eda contractual en el momento de la rescisi\u00f3n. En todos los dem\u00e1s casos, la devoluci\u00f3n no implicar\u00e1 coste alguno para usted. El plazo para cumplir con las obligaciones de pago es de 30 d\u00edas a contar desde el momento en que usted nos env\u00ede su escrito de rescisi\u00f3n.<\/p>\n\n\n\n<p><strong>6. Costes de env\u00edo<\/strong><\/p>\n\n\n\n<p>6.1&nbsp;Los precios mencionados en las p\u00e1ginas de los productos incluyen el IVA y los restantes elementos integrantes del precio.<br><br>6.2 Los costes de env\u00edo dependen de la cantidad de mercanc\u00eda pedida as\u00ed como del tipo de env\u00edo, y nosotros le informaremos con total claridad antes de que usted proceda a enviarnos su pedido. En la p\u00e1gina de env\u00edo encontrar\u00e1 toda la informaci\u00f3n necesaria a este respecto.<\/p>\n\n\n\n<p><strong><br>7. Entrega<\/strong><\/p>\n\n\n\n<p>7.1&nbsp;La entrega s\u00f3lo es posible dentro del territorio de Espa\u00f1a.<br><br>7.2 Por regla general, el plazo de entrega es de 3 d\u00edas laborables. En el caso de que dicho plazo de entrega sufriese alguna alteraci\u00f3n, nosotros informaremos puntualmente de dicha alteraci\u00f3n en la p\u00e1gina del producto correspondiente.<\/p>\n\n\n\n<p><br><strong>8. Pago<\/strong><\/p>\n\n\n\n<p>8.1 Puede efectuar el pago, a su libre elecci\u00f3n, mediante factura, transferencia, cargo en cuenta, tarjeta de cr\u00e9dito o contra reembolso.<br><br>8.2 Si elige el pago mediante transferencia, nosotros le proporcionaremos nuestros datos bancarios en la confirmaci\u00f3n del pedido y le entregaremos la mercanc\u00eda una vez que hayamos comprobado que el pago ha sido efectuado.<\/p>\n\n\n\n<p><br><strong>9. Reserva de propiedad<\/strong><\/p>\n\n\n\n<p>La&nbsp;mercanc\u00eda segurir\u00e1 siendo de nuestra propiedad hasta tanto no se complete el pago.<\/p>\n\n\n\n<p><br><strong>10. Garant\u00eda<\/strong><\/p>\n\n\n\n<p>La&nbsp;garant\u00eda se rige con arreglo a la legislaci\u00f3n vigente.<\/p>\n\n\n\n<h3 class=\"wp-block-heading\"><strong>Consumidor<\/strong><\/h3>\n\n\n\n<h6 class=\"wp-block-heading\">Por favor, tenga en cuenta las siguientes informaciones para el consumidor.<\/h6>\n\n\n\n<h6 class=\"wp-block-heading\">Informaci\u00f3n sobre la rescisi\u00f3n<\/h6>\n\n\n\n<p>Usted podr\u00e1 rescindir su contrato por escrito (p.ej. por carta, fax, e-mail), sin necesidad de motivaci\u00f3n alguna, o mediante la devoluci\u00f3n de la mercanc\u00eda. El plazo en ambos casos es de dos semanas a contar desde el momento de la recepci\u00f3n de la presente informaci\u00f3n. Para cumplir con el plazo establecido es suficiente con enviar dentro del mismo el escrito de rescisi\u00f3n o, en su caso, la mercanc\u00eda. El escrito de rescisi\u00f3n debe ir dirigido a:<\/p>\n\n\n\n<p><strong>FLONASA SL<\/strong><br>Psge Llobregat Nave 2.&nbsp;<br>Palau Solit\u00e0 i Plegamans 08184<br><br><br>E-Mail:&nbsp;<a href=\"mailto:123@flonasa.com\" target=\"_blank\" rel=\"noreferrer noopener\">123@flonasa.com<\/a>&nbsp;<br>Fax: + 00 34&nbsp;93 864 43 73<\/p>\n\n\n\n<h3 class=\"wp-block-heading\">Consecuencias de la rescisi\u00f3n<\/h3>\n\n\n\n<p>Cuando tenga lugar una rescisi\u00f3n v\u00e1lida, ambas partes deber\u00e1n devolver las prestaciones recibidas, as\u00ed como entregar, en su caso, los rendimientos derivados de las mismas (p.ej.intereses). Si no le es posible devolvernos en su totalidad o en parte la prestaci\u00f3n recibida, o s\u00f3lo le es posible hacerlo en un estado peor que el original, estar\u00e1 obligado a compensar la p\u00e9rdida de valor correspondiente. Esto no ser\u00e1 de aplicaci\u00f3n en el caso de la entrega de mercanc\u00edas cuando el empeoramiento de su estado haya surgido durante el examen de la mercanc\u00eda &#8211; al que usted haya procedido, por ejemplo, en la tienda -. Tambi\u00e9n quedar\u00e1 exento de la obligaci\u00f3n de indemnizarnos si no llega a disponer de la mercanc\u00eda como si fuese de su propiedad e interrumpe toda acci\u00f3n que pueda da\u00f1arla. Las mercanc\u00edas que puedan ser empaquetadas deben devolverse empaquetadas. Las dem\u00e1s mercanc\u00edas las recogeremos nosotros en la direcci\u00f3n que usted nos indique. Usted correr\u00e1 con los gastos de la devoluci\u00f3n si la mercanc\u00eda entregada se corresponde con la pedida por usted y si su precio no supera los 40 euros, o si, en el supuesto de que el precio de la mercanc\u00eda fuese superior, usted no hubiera realizado la contraprestaci\u00f3n o un pago parcial acordado por v\u00eda contractual en el momento de la rescisi\u00f3n. En todos los dem\u00e1s casos, la devoluci\u00f3n no implicar\u00e1 coste alguno para usted. El plazo para cumplir con las obligaciones de pago es de 30 d\u00edas a contar desde el momento en que usted nos env\u00ede su escrito de rescisi\u00f3n.<\/p>\n\n\n\n<p><strong>Fin de la informaci\u00f3n sobre la rescisi\u00f3n<\/strong><\/p>\n\n\n\n<h3 class=\"wp-block-heading\"><strong>Protecci\u00f3n de Datos<\/strong><\/h3>\n\n\n\n<p>La&nbsp;responsabilidad para el procesamiento de datos tiene&nbsp;<strong>FLONASA SL<\/strong>, Passatge Llobregat nave 2 y 3, 08184.<\/p>\n\n\n\n<p>En la informaci\u00f3n legal encontrar\u00e1 m\u00e1s detalles sobre los responsables.<\/p>\n\n\n\n<p><strong>Utilizaci\u00f3n<\/strong><\/p>\n\n\n\n<p>Utilizamos los datos para poder automatizar el proceso de la compra incorporando los datos en la factura y cobrando el correspondiente cargo por la misma. S\u00f3lo algunos datos ser\u00e1n compartidos con algunos de nuestros asociados, como por ejemplo la empresa encargada del transporte de los productos (nombre, direcci\u00f3n, n\u00famero de tel\u00e9fono si es necesario para fijar una fecha de entrega). Para procesar los pagos es posible que facilitemos sus datos de pago a nuestro banco. Sin embargo, no suministraremos datos a terceras personas y no los utilizaremos con prop\u00f3sitos publicitarios. Una vez que la compra se completa y se ha abonado el importe, se proteger\u00e1n sus datos evitando ser utilizados posteriormente y se eliminar\u00e1n despu\u00e9s de expirar el a\u00f1o fiscal y las cl\u00e1usulas comerciales.<\/p>\n\n\n\n<p><strong>Seguridad<\/strong><\/p>\n\n\n\n<p>Sus&nbsp;datos personales se transferir\u00e1n codificados por Internet mediante128 bis SSL. Aseguramos nuestro sitio web y dem\u00e1s sistemas utilizando medidas t\u00e9cncas y organizativas para evitar la p\u00e9rdida, da\u00f1o, acceso, modificaci\u00f3n o copia de sus datos por parte de terceras personas no autorizadas. No obstante, incluso realizando comprobaciones regulares no es posible garantizar una protecci\u00f3n completa en contra de todos estos factores.<\/p>\n\n\n\n<p><strong>Informaci\u00f3n<\/strong><\/p>\n\n\n\n<p>Tiene el derecho de obtener informaci\u00f3n gratuita acerca de sus datos almacenados as\u00ed como el derecho a corregir, bloquear o eliminar dichos datos. En el caso que a\u00fan tenga dudas en lo referente al uso de sus datos personales, o si desea informaci\u00f3n sobre c\u00f3mo realizar la correcci\u00f3n o eliminaci\u00f3n de datos, por favor contacte con nosotros en:&nbsp;<a rel=\"noreferrer noopener\" href=\"mailto:123@flonasa.com\" target=\"_blank\">123@flonasa.com<\/a>&nbsp;o env\u00edenos una carta o fax con sus cuestiones.<\/p>\n\n\n\n<p><strong>Cookies<\/strong><\/p>\n\n\n\n<p>Para usar correctamente la cesta de la compra, su navegador debe aceptar cookies. La cesta de la compra usa cookies para identificar los productos que ha a\u00f1adido. Esta cookie es un peque\u00f1o paquete de informaci\u00f3n que guarda el navegador y que le permite mantener su identificaci\u00f3n cuando pasa de una p\u00e1gina a otra, sin perder los productos de su cesta de la compra. Debido a los datos incluidos en una cookie no es necesario que rellene formularios. Se define al entrar en nuestra web y caduca autom\u00e1ticamente seis meses despu\u00e9s. Adicionalmente, puede administrar en su programa de navegaci\u00f3n el nivel de aceptaci\u00f3n de cookies de esta p\u00e1gina y bloquearlas si lo considera conveniente.<\/p>\n\n\n\n<p><strong>Bolet\u00edn<\/strong><\/p>\n\n\n\n<p>Al&nbsp;registrarse para el bolet\u00edn, si est\u00e1 de acuerdo se utilizar\u00e1 su nombre y direcci\u00f3n de correo electr\u00f3nico para prop\u00f3sitos publicitarios hasta que se d\u00e9 de baja en el bolet\u00edn.<\/p>\n\n\n\n<p><strong>Revocaci\u00f3n de consentimiento<\/strong><\/p>\n\n\n\n<p>En el caso de que haya delegado de forma expresa los consentimientos siguientes durante el proceso de pedido. Nos gustar\u00eda comunicarle que puede revocar su consentimiento en cualquier momento:<\/p>\n\n\n\n<h6 class=\"wp-block-heading\"><strong>Permiso para generar correos electr\u00f3nicos publicitarios<\/strong><\/h6>\n\n\n\n<p>Desear\u00eda recibir a partir de ahora informaci\u00f3n sobre productos por correo electr\u00f3nico (cancelaci\u00f3n de este servicio disponible en cualquier momento).<\/p>\n\n\n\n<h3 class=\"wp-block-heading\"><strong>Ayuda<\/strong><\/h3>\n\n\n\n<h5 class=\"wp-block-heading\">Comprar &#8211; r\u00e1pido, c\u00f3modo y sencillo<\/h5>\n\n\n\n<p>En&nbsp;<strong>FLONASA SL<\/strong>, usted puede comprar c\u00f3modamente por Internet durante las veinticuatro horas del d\u00eda &#8211; de un modo muy sencillo y desde su propia casa. Eche un vistazo sin compromiso alguno a nuestro cat\u00e1logo y a nuestras ofertas. Si est\u00e1 interesado en alg\u00fan producto, haga clic sobre el mismo para obtener una informaci\u00f3n m\u00e1s detallada. Para encontrar productos directa, r\u00e1pida y c\u00f3modamente, puede servirse del campo&nbsp;<strong>\u00abBuscar\u00bb<\/strong>.<\/p>\n\n\n\n<h5 class=\"wp-block-heading\">Su cesta de art\u00edculos<\/h5>\n\n\n\n<p>En&nbsp;las p\u00e1ginas de detalles del art\u00edculo encontrar\u00e1 un campo de entrada para la cantidad y un bot\u00f3n&nbsp;<strong>\u00abA la cesta\u00bb<\/strong>. Introduzca primero la cantidad deseada y haga clic a continuaci\u00f3n en \u00abColocar en la cesta\u00bb, para guardar el art\u00edculo en su&nbsp;<strong>\u00abcesta\u00bb<\/strong>&nbsp;virtual.<\/p>\n\n\n\n<p>Despu\u00e9s puede continuar con su compra y a\u00f1adir otros art\u00edculos en la cesta, o puede editar su pedido.<br><br>En algunos art\u00edculos disponemos de diferentes variantes: aqu\u00ed puede seleccionar en primer lugar la variante deseada, por ejemplo, un tama\u00f1o o color espec\u00edfico, antes de introducir el art\u00edculo en la cesta.<\/p>\n\n\n\n<h5 class=\"wp-block-heading\">El confort es prioritario<\/h5>\n\n\n\n<p>Medante la funci\u00f3n&nbsp;<strong>\u00abPrecio en otras monedas\u00bb<\/strong>&nbsp;los visitantes internacionales puede ver cu\u00e1nto cuesta un producto en la moneda de su pa\u00eds. No obstante, s\u00f3lo se mostrar\u00e1 un precio orientativo, ya que el c\u00e1lculo final se basa en el curso actual de la moneda, que puede variar de un d\u00eda para otro.&nbsp;<br><br>Con el enlace&nbsp;<strong>\u00abEn la memoria\u00bb<\/strong>&nbsp;puede \u00abanotar\u00bb art\u00edculos de forma opcional hasta su siguiente visita, aunque para ello deber\u00e1 activar las cookies. Con la funci\u00f3n&nbsp;<strong>\u00abMostrar memoria\u00bb<\/strong>&nbsp;podr\u00e1 volver a abrir los art\u00edculos anotados previamente en su Lista de la compra.&nbsp;<br><br>Con el enlace&nbsp;<strong>\u00abRecomendar este art\u00edculo\u00bb<\/strong>&nbsp;puede enviar un correo electr\u00f3nico a compa\u00f1eros y amigos si ha encontrado un art\u00edculo que pueda interesarles. Para ello, nuestra tienda abre su aplicaci\u00f3n de correo electr\u00f3nico y crea un mensaje con un v\u00ednculo, en el que el destinatario puede hacer clic directamente.<\/p>\n\n\n\n<h5 class=\"wp-block-heading\">Procesar el pedido<\/h5>\n\n\n\n<p>Haga clic en el comando&nbsp;<strong>\u00abmostrar cesta de la compra\u00bb<\/strong>&nbsp;para ver su pedido actual. S\u00f3lo se mostrar\u00e1 una vista general de los art\u00edculos que usted haya incluido previamente en la cesta de la compra. En caso de que quiera modificar posteriormente la cantidad del pedido, basta con que introduzca en el campo \u00abcantidad del pedido\u00bb la nueva cantidad y luego haga clic en el comando&nbsp;<strong>\u00abactualizar cantidades\u00bb<\/strong>. Para suprimir completamente un producto de su pedido, haga clic en el s\u00edmbolo de borrado que se encuentra junto al producto. Para obtener detalles acerca de un producto incluido en la cesta de la compra, haga clic en la denominaci\u00f3n correspondiente. Una vez completado su pedido, haga clic en el comando&nbsp;<strong>\u00abpasar por caja\u00bb<\/strong>.<\/p>\n\n\n\n<h5 class=\"wp-block-heading\">Modos de env\u00edo y formas de pago<\/h5>\n\n\n\n<p>Eija el modo de env\u00edo deseado en la siguiente ventana. Si hay costes de env\u00edo adicionales, se mostrar\u00e1n. Marque el modo de env\u00edo deseado y haga clic en&nbsp;<strong>\u00absiguiente\u00bb<\/strong>&nbsp;para acceder a las formas de pago. Elija una forma de pago y vuelva a hacer clic en&nbsp;<strong>\u00absiguiente\u00bb<\/strong>.<\/p>\n\n\n\n<h5 class=\"wp-block-heading\">Direcci\u00f3n<\/h5>\n\n\n\n<p>Ahora se abrir\u00e1 una ventana en la que se muestran los datos personales que usted introdujo al registrarse. Si los datos han cambiado, haga clic en el enlace&nbsp;<strong>\u00abmodificar datos personales\u00bb<\/strong>&nbsp;y corrija los datos en el nuevo di\u00e1logo que acaba de abrir. Si desea introducir una nueva direcci\u00f3n de entrega, puede hacerlo igualmente en este mismo formato. Tambi\u00e9n tiene la posibilidad de enviarnos un mensaje desde aqu\u00ed. Una vez que haya introducido todas las modificaciones, haga clic en&nbsp;<strong>\u00absiguiente\u00bb<\/strong>.<\/p>\n\n\n\n<h5 class=\"wp-block-heading\">Resumen<\/h5>\n\n\n\n<p>Para finalizar, se abrir\u00e1 el resumen del pedido, que mostrar\u00e1 una vez m\u00e1s una vista general de su pedido con todos sus datos. Por favor, aseg\u00farese de que todos los datos son correctos, de que todos los art\u00edculos y sus cantidades son los deseados y de que ha elegido el modo de env\u00edo y la forma de pago de su preferencia. Asimismo, desde esta pantalla puede ver nuestras Condiciones Generales de Contrataci\u00f3n &#8211; CGC -, y, si est\u00e1 de acuerdo con ellas, marque la casilla correspondiente antes de enviar su pedido. Luego haga clic en&nbsp;<strong>\u00abenviar pedido\u00bb<\/strong>&nbsp;para finalizar el pedido. En breves instantes, nosotros le enviaremos un e-mail de confirmaci\u00f3n.<\/p>\n\n\n\n<h5 class=\"wp-block-heading\">Pedido por escrito<\/h5>\n\n\n\n<p>Si al elegir la forma de pago ha optado por un proceso de pedido por escrito, entonces tiene que abrir el formulario de pedido mediante el enlace&nbsp;<strong>\u00abimprimir pedido\u00bb<\/strong>&nbsp;situado en la ventana&nbsp;<strong>\u00abpedido finalizado con \u00e9xito\u00bb<\/strong>, imprimirlo mediante la funci\u00f3n&nbsp;<strong>\u00abimprimir\u00bb<\/strong>&nbsp;de su navegador, rellenarlo de forma legible y envi\u00e1rnoslo por fax o por correo ordinario.<\/p>\n","protected":false},"excerpt":{"rendered":"<p>Informaci\u00f3n Legal FLONASA SLPsge. Llobregat, nave 2&nbsp;Palau Solit\u00e0 i Plegamans. 08184 Tel.: + 00 34&nbsp;93 864 67 43E-Mail.:&nbsp;123@flonasa.com Propietario y responsable del contenido:FLONASA SL Condiciones Generales Vista General: 1. Ambito2. Asociado3. Oferta y formalizaci\u00f3n del contrato4. Texto del contrato5. Derecho de rescisi\u00f3n6. Costes de env\u00edo7. Entrega8. Pago9. Reserva de propiedad10. Garant\u00eda 1. Ambito Para todos [&hellip;]<\/p>\n","protected":false},"author":1,"featured_media":0,"parent":0,"menu_order":0,"comment_status":"closed","ping_status":"closed","template":"","meta":{"site-sidebar-layout":"default","site-content-layout":"","ast-site-content-layout":"default","site-content-style":"default","site-sidebar-style":"default","ast-global-header-display":"","ast-banner-title-visibility":"","ast-main-header-display":"","ast-hfb-above-header-display":"","ast-hfb-below-header-display":"","ast-hfb-mobile-header-display":"","site-post-title":"disabled","ast-breadcrumbs-content":"","ast-featured-img":"","footer-sml-layout":"","ast-disable-related-posts":"","theme-transparent-header-meta":"","adv-header-id-meta":"","stick-header-meta":"","header-above-stick-meta":"","header-main-stick-meta":"","header-below-stick-meta":"","astra-migrate-meta-layouts":"default","ast-page-background-enabled":"default","ast-page-background-meta":{"desktop":{"background-color":"var(--ast-global-color-4)","background-image":"","background-repeat":"repeat","background-position":"center center","background-size":"auto","background-attachment":"scroll","background-type":"","background-media":"","overlay-type":"","overlay-color":"","overlay-opacity":"","overlay-gradient":""},"tablet":{"background-color":"","background-image":"","background-repeat":"repeat","background-position":"center center","background-size":"auto","background-attachment":"scroll","background-type":"","background-media":"","overlay-type":"","overlay-color":"","overlay-opacity":"","overlay-gradient":""},"mobile":{"background-color":"","background-image":"","background-repeat":"repeat","background-position":"center center","background-size":"auto","background-attachment":"scroll","background-type":"","background-media":"","overlay-type":"","overlay-color":"","overlay-opacity":"","overlay-gradient":""}},"ast-content-background-meta":{"desktop":{"background-color":"var(--ast-global-color-5)","background-image":"","background-repeat":"repeat","background-position":"center center","background-size":"auto","background-attachment":"scroll","background-type":"","background-media":"","overlay-type":"","overlay-color":"","overlay-opacity":"","overlay-gradient":""},"tablet":{"background-color":"var(--ast-global-color-5)","background-image":"","background-repeat":"repeat","background-position":"center center","background-size":"auto","background-attachment":"scroll","background-type":"","background-media":"","overlay-type":"","overlay-color":"","overlay-opacity":"","overlay-gradient":""},"mobile":{"background-color":"var(--ast-global-color-5)","background-image":"","background-repeat":"repeat","background-position":"center center","background-size":"auto","background-attachment":"scroll","background-type":"","background-media":"","overlay-type":"","overlay-color":"","overlay-opacity":"","overlay-gradient":""}},"footnotes":""},"class_list":["post-2392","page","type-page","status-publish","hentry"],"_links":{"self":[{"href":"https:\/\/flonasa.com\/index.php?rest_route=\/wp\/v2\/pages\/2392","targetHints":{"allow":["GET"]}}],"collection":[{"href":"https:\/\/flonasa.com\/index.php?rest_route=\/wp\/v2\/pages"}],"about":[{"href":"https:\/\/flonasa.com\/index.php?rest_route=\/wp\/v2\/types\/page"}],"author":[{"embeddable":true,"href":"https:\/\/flonasa.com\/index.php?rest_route=\/wp\/v2\/users\/1"}],"replies":[{"embeddable":true,"href":"https:\/\/flonasa.com\/index.php?rest_route=%2Fwp%2Fv2%2Fcomments&post=2392"}],"version-history":[{"count":0,"href":"https:\/\/flonasa.com\/index.php?rest_route=\/wp\/v2\/pages\/2392\/revisions"}],"wp:attachment":[{"href":"https:\/\/flonasa.com\/index.php?rest_route=%2Fwp%2Fv2%2Fmedia&parent=2392"}],"curies":[{"name":"wp","href":"https:\/\/api.w.org\/{rel}","templated":true}]}}