{"id":2861,"date":"2022-11-23T08:27:40","date_gmt":"2022-11-23T08:27:40","guid":{"rendered":"https:\/\/flonasa.com\/?page_id=2861"},"modified":"2022-12-02T09:17:46","modified_gmt":"2022-12-02T09:17:46","slug":"hielo","status":"publish","type":"page","link":"https:\/\/flonasa.com\/?page_id=2861","title":{"rendered":"HIELO"},"content":{"rendered":"\n<p class=\"has-text-align-center has-ast-global-color-8-color has-ast-global-color-6-background-color has-text-color has-background\" style=\"font-size:30px\"><strong>EVEREST<\/strong><\/p>\n\n\n\n<div class=\"wp-block-jetpack-slideshow aligncenter\" data-effect=\"slide\"><div class=\"wp-block-jetpack-slideshow_container swiper-container\"><ul class=\"wp-block-jetpack-slideshow_swiper-wrapper swiper-wrapper\"><li class=\"wp-block-jetpack-slideshow_slide swiper-slide\"><figure><img loading=\"lazy\" decoding=\"async\" width=\"1024\" height=\"808\" alt=\"\" class=\"wp-block-jetpack-slideshow_image wp-image-2778\" data-id=\"2778\" src=\"https:\/\/flonasa.com\/wp-content\/uploads\/2022\/11\/Bala-1024x808.jpg\" srcset=\"https:\/\/flonasa.com\/wp-content\/uploads\/2022\/11\/Bala-1024x808.jpg 1024w, https:\/\/flonasa.com\/wp-content\/uploads\/2022\/11\/Bala-300x237.jpg 300w, https:\/\/flonasa.com\/wp-content\/uploads\/2022\/11\/Bala-600x473.jpg 600w, https:\/\/flonasa.com\/wp-content\/uploads\/2022\/11\/Bala-768x606.jpg 768w, https:\/\/flonasa.com\/wp-content\/uploads\/2022\/11\/Bala.jpg 1364w\" sizes=\"auto, (max-width: 1024px) 100vw, 1024px\" \/><\/figure><\/li><li class=\"wp-block-jetpack-slideshow_slide swiper-slide\"><figure><img loading=\"lazy\" decoding=\"async\" width=\"1024\" height=\"1018\" alt=\"\" class=\"wp-block-jetpack-slideshow_image wp-image-2562\" data-id=\"2562\" src=\"https:\/\/flonasa.com\/wp-content\/uploads\/2022\/11\/bala-en-vaso-1024x1018.jpg\" srcset=\"https:\/\/flonasa.com\/wp-content\/uploads\/2022\/11\/bala-en-vaso-1024x1018.jpg 1024w, https:\/\/flonasa.com\/wp-content\/uploads\/2022\/11\/bala-en-vaso-300x298.jpg 300w, https:\/\/flonasa.com\/wp-content\/uploads\/2022\/11\/bala-en-vaso-100x100.jpg 100w, https:\/\/flonasa.com\/wp-content\/uploads\/2022\/11\/bala-en-vaso-600x596.jpg 600w, https:\/\/flonasa.com\/wp-content\/uploads\/2022\/11\/bala-en-vaso-150x150.jpg 150w, https:\/\/flonasa.com\/wp-content\/uploads\/2022\/11\/bala-en-vaso-768x763.jpg 768w, https:\/\/flonasa.com\/wp-content\/uploads\/2022\/11\/bala-en-vaso-1536x1527.jpg 1536w, https:\/\/flonasa.com\/wp-content\/uploads\/2022\/11\/bala-en-vaso-2048x2036.jpg 2048w\" sizes=\"auto, (max-width: 1024px) 100vw, 1024px\" \/><\/figure><\/li><li class=\"wp-block-jetpack-slideshow_slide swiper-slide\"><figure><img loading=\"lazy\" decoding=\"async\" width=\"449\" height=\"1024\" alt=\"\" class=\"wp-block-jetpack-slideshow_image wp-image-3146\" data-id=\"3146\" src=\"https:\/\/flonasa.com\/wp-content\/uploads\/2022\/11\/Bala-vaso-de-tubo-449x1024.jpg\" srcset=\"https:\/\/flonasa.com\/wp-content\/uploads\/2022\/11\/Bala-vaso-de-tubo-449x1024.jpg 449w, https:\/\/flonasa.com\/wp-content\/uploads\/2022\/11\/Bala-vaso-de-tubo-132x300.jpg 132w, https:\/\/flonasa.com\/wp-content\/uploads\/2022\/11\/Bala-vaso-de-tubo-768x1751.jpg 768w, https:\/\/flonasa.com\/wp-content\/uploads\/2022\/11\/Bala-vaso-de-tubo-674x1536.jpg 674w, https:\/\/flonasa.com\/wp-content\/uploads\/2022\/11\/Bala-vaso-de-tubo-898x2048.jpg 898w, https:\/\/flonasa.com\/wp-content\/uploads\/2022\/11\/Bala-vaso-de-tubo-300x684.jpg 300w, https:\/\/flonasa.com\/wp-content\/uploads\/2022\/11\/Bala-vaso-de-tubo-600x1368.jpg 600w, https:\/\/flonasa.com\/wp-content\/uploads\/2022\/11\/Bala-vaso-de-tubo-scaled.jpg 1123w\" sizes=\"auto, (max-width: 449px) 100vw, 449px\" \/><\/figure><\/li><li class=\"wp-block-jetpack-slideshow_slide swiper-slide\"><figure><img loading=\"lazy\" decoding=\"async\" width=\"1024\" height=\"726\" alt=\"\" class=\"wp-block-jetpack-slideshow_image wp-image-3147\" data-id=\"3147\" src=\"https:\/\/flonasa.com\/wp-content\/uploads\/2022\/11\/IMG_20191202_125133-1024x726.jpg\" srcset=\"https:\/\/flonasa.com\/wp-content\/uploads\/2022\/11\/IMG_20191202_125133-1024x726.jpg 1024w, https:\/\/flonasa.com\/wp-content\/uploads\/2022\/11\/IMG_20191202_125133-300x213.jpg 300w, https:\/\/flonasa.com\/wp-content\/uploads\/2022\/11\/IMG_20191202_125133-768x545.jpg 768w, https:\/\/flonasa.com\/wp-content\/uploads\/2022\/11\/IMG_20191202_125133-1536x1089.jpg 1536w, https:\/\/flonasa.com\/wp-content\/uploads\/2022\/11\/IMG_20191202_125133-2048x1452.jpg 2048w, https:\/\/flonasa.com\/wp-content\/uploads\/2022\/11\/IMG_20191202_125133-600x425.jpg 600w\" sizes=\"auto, (max-width: 1024px) 100vw, 1024px\" \/><\/figure><\/li><\/ul><a class=\"wp-block-jetpack-slideshow_button-prev swiper-button-prev swiper-button-white\" role=\"button\"><\/a><a class=\"wp-block-jetpack-slideshow_button-next swiper-button-next swiper-button-white\" role=\"button\"><\/a><a aria-label=\"Pause Slideshow\" class=\"wp-block-jetpack-slideshow_button-pause\" role=\"button\"><\/a><div class=\"wp-block-jetpack-slideshow_pagination swiper-pagination swiper-pagination-white\"><\/div><\/div><\/div>\n\n\n\n<p class=\"has-text-align-left has-ast-global-color-8-color has-ast-global-color-4-background-color has-text-color has-background has-large-font-size\">El cubito que representa la imagen de&nbsp;<strong>FLONASA S.L.<\/strong>&nbsp;<\/p>\n\n\n\n<p><\/p>\n\n\n\n<p class=\"has-ast-global-color-8-color has-text-color has-medium-font-size\">Nos encontramos ante el mayor cubito que puede dar un fabricador, pero no se asuste, en la misma maquina se puede regular el tama\u00f1o desde&nbsp;<em>20<\/em>&nbsp;gramos hasta&nbsp;<em>90<\/em>&nbsp;gramos es el cubito recomendado para bares, pubs, donde el calor no desafiara a su bebida<\/p>\n\n\n\n<p class=\"has-text-align-center has-ast-global-color-8-color has-ast-global-color-6-background-color has-text-color has-background\" style=\"font-size:26px\"><strong>MONTBLANC<\/strong><\/p>\n\n\n\n<div class=\"wp-block-jetpack-slideshow aligncenter\" data-effect=\"slide\"><div class=\"wp-block-jetpack-slideshow_container swiper-container\"><ul class=\"wp-block-jetpack-slideshow_swiper-wrapper swiper-wrapper\"><li class=\"wp-block-jetpack-slideshow_slide swiper-slide\"><figure><img loading=\"lazy\" decoding=\"async\" width=\"250\" height=\"302\" alt=\"\" class=\"wp-block-jetpack-slideshow_image wp-image-2564\" data-id=\"2564\" src=\"https:\/\/flonasa.com\/wp-content\/uploads\/2022\/11\/img1517cols2.jpg\" srcset=\"https:\/\/flonasa.com\/wp-content\/uploads\/2022\/11\/img1517cols2.jpg 250w, https:\/\/flonasa.com\/wp-content\/uploads\/2022\/11\/img1517cols2-248x300.jpg 248w\" sizes=\"auto, (max-width: 250px) 100vw, 250px\" \/><\/figure><\/li><li class=\"wp-block-jetpack-slideshow_slide swiper-slide\"><figure><img loading=\"lazy\" decoding=\"async\" width=\"150\" height=\"120\" alt=\"\" class=\"wp-block-jetpack-slideshow_image wp-image-3150\" data-id=\"3150\" src=\"https:\/\/flonasa.com\/wp-content\/uploads\/2022\/11\/copiademespacial_150-1.jpg\"\/><\/figure><\/li><li class=\"wp-block-jetpack-slideshow_slide swiper-slide\"><figure><img loading=\"lazy\" decoding=\"async\" width=\"800\" height=\"800\" alt=\"\" class=\"wp-block-jetpack-slideshow_image wp-image-3216\" data-id=\"3216\" src=\"https:\/\/flonasa.com\/wp-content\/uploads\/2022\/12\/montblanc-fabri.jpg\" srcset=\"https:\/\/flonasa.com\/wp-content\/uploads\/2022\/12\/montblanc-fabri.jpg 800w, https:\/\/flonasa.com\/wp-content\/uploads\/2022\/12\/montblanc-fabri-300x300.jpg 300w, https:\/\/flonasa.com\/wp-content\/uploads\/2022\/12\/montblanc-fabri-150x150.jpg 150w, https:\/\/flonasa.com\/wp-content\/uploads\/2022\/12\/montblanc-fabri-768x768.jpg 768w, https:\/\/flonasa.com\/wp-content\/uploads\/2022\/12\/montblanc-fabri-600x600.jpg 600w, https:\/\/flonasa.com\/wp-content\/uploads\/2022\/12\/montblanc-fabri-100x100.jpg 100w\" sizes=\"auto, (max-width: 800px) 100vw, 800px\" \/><\/figure><\/li><\/ul><a class=\"wp-block-jetpack-slideshow_button-prev swiper-button-prev swiper-button-white\" role=\"button\"><\/a><a class=\"wp-block-jetpack-slideshow_button-next swiper-button-next swiper-button-white\" role=\"button\"><\/a><a aria-label=\"Pause Slideshow\" class=\"wp-block-jetpack-slideshow_button-pause\" role=\"button\"><\/a><div class=\"wp-block-jetpack-slideshow_pagination swiper-pagination swiper-pagination-white\"><\/div><\/div><\/div>\n\n\n\n<p class=\"has-ast-global-color-8-color has-text-color has-medium-font-size\">Montblanc es el cubito macizo que da un toque de&nbsp;<strong>distinci\u00f3n<\/strong>&nbsp;sobre todos los dem\u00e1s hielos del mercado , es el apropiado para restaurantes, hoteles, cafeter\u00edas , salones de te .. su regulaci\u00f3n tambi\u00e9n es posible siendo esta desde&nbsp;<em><strong>20<\/strong><\/em>&nbsp;<em>g<\/em>ramos a&nbsp;<em><strong>45&nbsp;<\/strong><\/em>gramos.&nbsp;<\/p>\n\n\n\n<p><\/p>\n\n\n\n<p class=\"has-text-align-center has-ast-global-color-8-color has-ast-global-color-6-background-color has-text-color has-background\" style=\"font-size:25px\">POLIVALENTE<\/p>\n\n\n\n<div class=\"wp-block-jetpack-slideshow aligncenter is-style-rectangular\" data-effect=\"slide\"><div class=\"wp-block-jetpack-slideshow_container swiper-container\"><ul class=\"wp-block-jetpack-slideshow_swiper-wrapper swiper-wrapper\"><li class=\"wp-block-jetpack-slideshow_slide swiper-slide\"><figure><img loading=\"lazy\" decoding=\"async\" width=\"1024\" height=\"352\" alt=\"\" class=\"wp-block-jetpack-slideshow_image wp-image-2561\" data-id=\"2561\" src=\"https:\/\/flonasa.com\/wp-content\/uploads\/2022\/11\/IMG_20191202_115755-scaled-1-1024x352.jpg\" srcset=\"https:\/\/flonasa.com\/wp-content\/uploads\/2022\/11\/IMG_20191202_115755-scaled-1-1024x352.jpg 1024w, https:\/\/flonasa.com\/wp-content\/uploads\/2022\/11\/IMG_20191202_115755-scaled-1-300x103.jpg 300w, https:\/\/flonasa.com\/wp-content\/uploads\/2022\/11\/IMG_20191202_115755-scaled-1-600x206.jpg 600w, https:\/\/flonasa.com\/wp-content\/uploads\/2022\/11\/IMG_20191202_115755-scaled-1-768x264.jpg 768w, https:\/\/flonasa.com\/wp-content\/uploads\/2022\/11\/IMG_20191202_115755-scaled-1-1536x529.jpg 1536w, https:\/\/flonasa.com\/wp-content\/uploads\/2022\/11\/IMG_20191202_115755-scaled-1-2048x705.jpg 2048w\" sizes=\"auto, (max-width: 1024px) 100vw, 1024px\" \/><\/figure><\/li><li class=\"wp-block-jetpack-slideshow_slide swiper-slide\"><figure><img loading=\"lazy\" decoding=\"async\" width=\"426\" height=\"1024\" alt=\"\" class=\"wp-block-jetpack-slideshow_image wp-image-3153\" data-id=\"3153\" src=\"https:\/\/flonasa.com\/wp-content\/uploads\/2022\/11\/IMG_20191202_115056-426x1024.jpg\" srcset=\"https:\/\/flonasa.com\/wp-content\/uploads\/2022\/11\/IMG_20191202_115056-426x1024.jpg 426w, https:\/\/flonasa.com\/wp-content\/uploads\/2022\/11\/IMG_20191202_115056-125x300.jpg 125w, https:\/\/flonasa.com\/wp-content\/uploads\/2022\/11\/IMG_20191202_115056-768x1846.jpg 768w, https:\/\/flonasa.com\/wp-content\/uploads\/2022\/11\/IMG_20191202_115056-639x1536.jpg 639w, https:\/\/flonasa.com\/wp-content\/uploads\/2022\/11\/IMG_20191202_115056-852x2048.jpg 852w, https:\/\/flonasa.com\/wp-content\/uploads\/2022\/11\/IMG_20191202_115056-300x721.jpg 300w, https:\/\/flonasa.com\/wp-content\/uploads\/2022\/11\/IMG_20191202_115056-600x1442.jpg 600w, https:\/\/flonasa.com\/wp-content\/uploads\/2022\/11\/IMG_20191202_115056-scaled.jpg 1065w\" sizes=\"auto, (max-width: 426px) 100vw, 426px\" \/><\/figure><\/li><li class=\"wp-block-jetpack-slideshow_slide swiper-slide\"><figure><img loading=\"lazy\" decoding=\"async\" width=\"883\" height=\"1024\" alt=\"\" class=\"wp-block-jetpack-slideshow_image wp-image-3156\" data-id=\"3156\" src=\"https:\/\/flonasa.com\/wp-content\/uploads\/2022\/11\/IMG_20191202_115518-883x1024.jpg\" srcset=\"https:\/\/flonasa.com\/wp-content\/uploads\/2022\/11\/IMG_20191202_115518-883x1024.jpg 883w, https:\/\/flonasa.com\/wp-content\/uploads\/2022\/11\/IMG_20191202_115518-259x300.jpg 259w, https:\/\/flonasa.com\/wp-content\/uploads\/2022\/11\/IMG_20191202_115518-768x891.jpg 768w, https:\/\/flonasa.com\/wp-content\/uploads\/2022\/11\/IMG_20191202_115518-1324x1536.jpg 1324w, https:\/\/flonasa.com\/wp-content\/uploads\/2022\/11\/IMG_20191202_115518-1766x2048.jpg 1766w, https:\/\/flonasa.com\/wp-content\/uploads\/2022\/11\/IMG_20191202_115518-300x348.jpg 300w, https:\/\/flonasa.com\/wp-content\/uploads\/2022\/11\/IMG_20191202_115518-600x696.jpg 600w\" sizes=\"auto, (max-width: 883px) 100vw, 883px\" \/><\/figure><\/li><li class=\"wp-block-jetpack-slideshow_slide swiper-slide\"><figure><img loading=\"lazy\" decoding=\"async\" width=\"886\" height=\"1024\" alt=\"\" class=\"wp-block-jetpack-slideshow_image wp-image-3158\" data-id=\"3158\" src=\"https:\/\/flonasa.com\/wp-content\/uploads\/2022\/11\/IMG_20191202_115700-886x1024.jpg\" srcset=\"https:\/\/flonasa.com\/wp-content\/uploads\/2022\/11\/IMG_20191202_115700-886x1024.jpg 886w, https:\/\/flonasa.com\/wp-content\/uploads\/2022\/11\/IMG_20191202_115700-260x300.jpg 260w, https:\/\/flonasa.com\/wp-content\/uploads\/2022\/11\/IMG_20191202_115700-768x888.jpg 768w, https:\/\/flonasa.com\/wp-content\/uploads\/2022\/11\/IMG_20191202_115700-1329x1536.jpg 1329w, https:\/\/flonasa.com\/wp-content\/uploads\/2022\/11\/IMG_20191202_115700-1772x2048.jpg 1772w, https:\/\/flonasa.com\/wp-content\/uploads\/2022\/11\/IMG_20191202_115700-300x347.jpg 300w, https:\/\/flonasa.com\/wp-content\/uploads\/2022\/11\/IMG_20191202_115700-600x694.jpg 600w\" sizes=\"auto, (max-width: 886px) 100vw, 886px\" \/><\/figure><\/li><li class=\"wp-block-jetpack-slideshow_slide swiper-slide\"><figure><img loading=\"lazy\" decoding=\"async\" width=\"843\" height=\"1024\" alt=\"\" class=\"wp-block-jetpack-slideshow_image wp-image-3159\" data-id=\"3159\" src=\"https:\/\/flonasa.com\/wp-content\/uploads\/2022\/11\/IMG_20191202_115745-843x1024.jpg\" srcset=\"https:\/\/flonasa.com\/wp-content\/uploads\/2022\/11\/IMG_20191202_115745-843x1024.jpg 843w, https:\/\/flonasa.com\/wp-content\/uploads\/2022\/11\/IMG_20191202_115745-247x300.jpg 247w, https:\/\/flonasa.com\/wp-content\/uploads\/2022\/11\/IMG_20191202_115745-768x933.jpg 768w, https:\/\/flonasa.com\/wp-content\/uploads\/2022\/11\/IMG_20191202_115745-1265x1536.jpg 1265w, https:\/\/flonasa.com\/wp-content\/uploads\/2022\/11\/IMG_20191202_115745-300x364.jpg 300w, https:\/\/flonasa.com\/wp-content\/uploads\/2022\/11\/IMG_20191202_115745-600x729.jpg 600w, https:\/\/flonasa.com\/wp-content\/uploads\/2022\/11\/IMG_20191202_115745.jpg 1594w\" sizes=\"auto, (max-width: 843px) 100vw, 843px\" \/><\/figure><\/li><\/ul><a class=\"wp-block-jetpack-slideshow_button-prev swiper-button-prev swiper-button-white\" role=\"button\"><\/a><a class=\"wp-block-jetpack-slideshow_button-next swiper-button-next swiper-button-white\" role=\"button\"><\/a><a aria-label=\"Pause Slideshow\" class=\"wp-block-jetpack-slideshow_button-pause\" role=\"button\"><\/a><div class=\"wp-block-jetpack-slideshow_pagination swiper-pagination swiper-pagination-white\"><\/div><\/div><\/div>\n\n\n\n<p class=\"has-ast-global-color-8-color has-text-color has-medium-font-size\">Apueste por M\u00faltiples utilidades:&nbsp;<br>Cocktail, Caipirinha, Cuba-litros, Saunas, Expositores, Panader\u00edas, Fisoterapia &#8230;<br>Regulable 1 gramo a 2,5 gramos.<br>Una extensa gama de fabricadores con diferentes producciones para las diferentes necesidades.&nbsp;<br>Mas frio: ya que su tama\u00f1o es mas transmisivo, manteniendo la bebida mas fresca y apetecible.<br>Aumente beneficios, al necesitar menos cantidad de bebida para obtener los mismos vol\u00famenes.&nbsp;                                                                           Disponible en :&nbsp;<strong><a href=\"https:\/\/flonasa.com\/wp-content\/uploads\/2022\/11\/Especificaciones-3-6-8-12-14.pdf\" data-type=\"attachment\" data-id=\"3054\">P6 \/ P8 \/ P12 \/ P14<\/a><\/strong><\/p>\n\n\n\n<p class=\"has-text-align-center has-ast-global-color-8-color has-ast-global-color-0-background-color has-text-color has-background\" style=\"font-size:30px\"><strong>TRITURADO LAMINAR<\/strong><\/p>\n\n\n\n<p class=\"has-ast-global-color-8-color has-text-color\" style=\"font-size:18px\">A este hielo se le otorgan varias propiedades siendo de las mas \u00fatiles el que no se apelmaza (siempre esta suelto), y su grosor es regulable.                                                                                                                                                                                     Panader\u00edas, pescader\u00edas, cocteler\u00edas avalan la calidad de nuestro hielo en sus sectores.                                                                                              Regulable de 2 g a 4 g.<\/p>\n\n\n\n<figure class=\"wp-block-image aligncenter size-full is-resized\"><img loading=\"lazy\" decoding=\"async\" src=\"https:\/\/flonasa.com\/wp-content\/uploads\/2022\/11\/cashtl_158.jpg\" alt=\"\" class=\"wp-image-2565\" width=\"341\" height=\"343\" srcset=\"https:\/\/flonasa.com\/wp-content\/uploads\/2022\/11\/cashtl_158.jpg 158w, https:\/\/flonasa.com\/wp-content\/uploads\/2022\/11\/cashtl_158-100x100.jpg 100w, https:\/\/flonasa.com\/wp-content\/uploads\/2022\/11\/cashtl_158-150x150.jpg 150w\" sizes=\"auto, (max-width: 341px) 100vw, 341px\" \/><\/figure>\n\n\n\n<p><\/p>\n\n\n\n<p class=\"has-ast-global-color-8-color has-text-color has-medium-font-size\">Disponible en:&nbsp;<a href=\"https:\/\/flonasa.com\/wp-content\/uploads\/2022\/11\/Especificaciones-HTL25-50.pdf\" data-type=\"attachment\" data-id=\"3055\">HTL25 \/&nbsp;HTL50<\/a><\/p>\n\n\n\n<p class=\"has-text-align-center has-ast-global-color-8-color has-ast-global-color-0-background-color has-text-color has-background has-medium-font-size\"><strong>Por que si su problema es el hielo, en FLONASA tenemos la soluci\u00f3n.<\/strong><\/p>\n","protected":false},"excerpt":{"rendered":"<p>EVEREST El cubito que representa la imagen de&nbsp;FLONASA S.L.&nbsp; Nos encontramos ante el mayor cubito que puede dar un fabricador, pero no se asuste, en la misma maquina se puede regular el tama\u00f1o desde&nbsp;20&nbsp;gramos hasta&nbsp;90&nbsp;gramos es el cubito recomendado para bares, pubs, donde el calor no desafiara a su bebida MONTBLANC Montblanc es el cubito [&hellip;]<\/p>\n","protected":false},"author":1,"featured_media":0,"parent":0,"menu_order":0,"comment_status":"closed","ping_status":"closed","template":"","meta":{"site-sidebar-layout":"default","site-content-layout":"","ast-site-content-layout":"default","site-content-style":"default","site-sidebar-style":"default","ast-global-header-display":"","ast-banner-title-visibility":"","ast-main-header-display":"","ast-hfb-above-header-display":"","ast-hfb-below-header-display":"","ast-hfb-mobile-header-display":"","site-post-title":"","ast-breadcrumbs-content":"","ast-featured-img":"","footer-sml-layout":"","ast-disable-related-posts":"","theme-transparent-header-meta":"","adv-header-id-meta":"","stick-header-meta":"","header-above-stick-meta":"","header-main-stick-meta":"","header-below-stick-meta":"","astra-migrate-meta-layouts":"default","ast-page-background-enabled":"default","ast-page-background-meta":{"desktop":{"background-color":"var(--ast-global-color-4)","background-image":"","background-repeat":"repeat","background-position":"center center","background-size":"auto","background-attachment":"scroll","background-type":"","background-media":"","overlay-type":"","overlay-color":"","overlay-opacity":"","overlay-gradient":""},"tablet":{"background-color":"","background-image":"","background-repeat":"repeat","background-position":"center center","background-size":"auto","background-attachment":"scroll","background-type":"","background-media":"","overlay-type":"","overlay-color":"","overlay-opacity":"","overlay-gradient":""},"mobile":{"background-color":"","background-image":"","background-repeat":"repeat","background-position":"center center","background-size":"auto","background-attachment":"scroll","background-type":"","background-media":"","overlay-type":"","overlay-color":"","overlay-opacity":"","overlay-gradient":""}},"ast-content-background-meta":{"desktop":{"background-color":"var(--ast-global-color-5)","background-image":"","background-repeat":"repeat","background-position":"center center","background-size":"auto","background-attachment":"scroll","background-type":"","background-media":"","overlay-type":"","overlay-color":"","overlay-opacity":"","overlay-gradient":""},"tablet":{"background-color":"var(--ast-global-color-5)","background-image":"","background-repeat":"repeat","background-position":"center center","background-size":"auto","background-attachment":"scroll","background-type":"","background-media":"","overlay-type":"","overlay-color":"","overlay-opacity":"","overlay-gradient":""},"mobile":{"background-color":"var(--ast-global-color-5)","background-image":"","background-repeat":"repeat","background-position":"center center","background-size":"auto","background-attachment":"scroll","background-type":"","background-media":"","overlay-type":"","overlay-color":"","overlay-opacity":"","overlay-gradient":""}},"footnotes":""},"class_list":["post-2861","page","type-page","status-publish","hentry"],"_links":{"self":[{"href":"https:\/\/flonasa.com\/index.php?rest_route=\/wp\/v2\/pages\/2861","targetHints":{"allow":["GET"]}}],"collection":[{"href":"https:\/\/flonasa.com\/index.php?rest_route=\/wp\/v2\/pages"}],"about":[{"href":"https:\/\/flonasa.com\/index.php?rest_route=\/wp\/v2\/types\/page"}],"author":[{"embeddable":true,"href":"https:\/\/flonasa.com\/index.php?rest_route=\/wp\/v2\/users\/1"}],"replies":[{"embeddable":true,"href":"https:\/\/flonasa.com\/index.php?rest_route=%2Fwp%2Fv2%2Fcomments&post=2861"}],"version-history":[{"count":14,"href":"https:\/\/flonasa.com\/index.php?rest_route=\/wp\/v2\/pages\/2861\/revisions"}],"predecessor-version":[{"id":3217,"href":"https:\/\/flonasa.com\/index.php?rest_route=\/wp\/v2\/pages\/2861\/revisions\/3217"}],"wp:attachment":[{"href":"https:\/\/flonasa.com\/index.php?rest_route=%2Fwp%2Fv2%2Fmedia&parent=2861"}],"curies":[{"name":"wp","href":"https:\/\/api.w.org\/{rel}","templated":true}]}}