{"id":2906,"date":"2022-11-23T11:10:25","date_gmt":"2022-11-23T11:10:25","guid":{"rendered":"https:\/\/flonasa.com\/?page_id=2906"},"modified":"2022-11-30T10:39:44","modified_gmt":"2022-11-30T10:39:44","slug":"nuestra-empresa","status":"publish","type":"page","link":"https:\/\/flonasa.com\/?page_id=2906","title":{"rendered":"Nuestra Empresa"},"content":{"rendered":"\n<p class=\"has-ast-global-color-8-color has-ast-global-color-4-background-color has-text-color has-background has-medium-font-size\">Desde sus inicios en\u00a0<strong>FLONASA S.L.<\/strong>\u00a0sabemos que el hielo es una necesidad en el sector de la hosteler\u00eda y por ello estamos en una constante evoluci\u00f3n , a la que d\u00eda tras d\u00eda profesionales buscan ofrecer la mejor calidad , disposici\u00f3n y servicio.<\/p>\n\n\n\n<p class=\"has-text-align-center has-ast-global-color-8-color has-text-color has-medium-font-size\"><strong>Profesionales al servicio de profesionales.<\/strong><\/p>\n\n\n\n<p class=\"has-text-align-center has-ast-global-color-8-color has-ast-global-color-6-background-color has-text-color has-background has-medium-font-size\"><strong>LOS INICIOS<\/strong><\/p>\n\n\n\n<p class=\"has-ast-global-color-8-color has-ast-global-color-4-background-color has-text-color has-background has-medium-font-size\">En sus inicios&nbsp;<strong>FLONASA<\/strong>&nbsp;<strong>S.L.<\/strong>&nbsp;parti\u00f3 desde este local <img loading=\"lazy\" decoding=\"async\" width=\"150\" height=\"112\" class=\"wp-image-2492\" style=\"width: 150px;\" src=\"https:\/\/flonasa.com\/wp-content\/uploads\/2022\/11\/img1499_150.jpg\" alt=\"\">                                                       Aqu\u00ed se realizo el primer prototipo a la que cari\u00f1osamente llamamos \u00abla abuela\u00bb AH-01 esta maquina se vendi\u00f3 con mucha ilusi\u00f3n por que sab\u00edamos que hasta el camino mas largo empieza con un primer paso , hoy en d\u00eda nuestro compromiso y trato con el cliente y la calidad de nuestros productos han llevado a Flonasa a mantener la producci\u00f3n de fabricadores de hielo de primera linea.<\/p>\n\n\n\n<p class=\"has-text-align-center has-ast-global-color-8-color has-ast-global-color-6-background-color has-text-color has-background has-medium-font-size\"><strong>EN LA ACTUALIDAD<\/strong><\/p>\n\n\n\n<p class=\"has-ast-global-color-8-color has-ast-global-color-4-background-color has-text-color has-background has-medium-font-size\">Con mas&nbsp;de 30 a\u00f1os de experiencia en la fabricaci\u00f3n de m\u00e1quinas de hielo,&nbsp;<strong>FLONASA S.L. <\/strong>, ha conseguido un importante reconocimiento en el sector gracias a la implantaci\u00f3n de nuevas tecnolog\u00edas que le han permitido alcanzar grandes logros dentro del mercado nacional e internacional. <\/p>\n\n\n\n<p class=\"has-ast-global-color-8-color has-ast-global-color-4-background-color has-text-color has-background has-medium-font-size\">El estudio, la investigaci\u00f3n y el desarrollo hacen que&nbsp;<strong>FLONASA S.L. <\/strong>, sea una de las empresas l\u00edderes en la aplicaci\u00f3n de las mejoras con el objetivo de superar d\u00eda a d\u00eda el reto&nbsp;de ofrecer el mejor producto del mercado&nbsp;<\/p>\n\n\n\n<p class=\"has-text-align-center has-ast-global-color-8-color has-ast-global-color-4-background-color has-text-color has-background has-medium-font-size\"><strong>FLONASA S.L.<\/strong>, la fiabilidad, la garant\u00eda y el servicio.<\/p>\n\n\n\n<p class=\"has-text-align-center has-ast-global-color-8-color has-ast-global-color-6-background-color has-text-color has-background has-medium-font-size\"><strong>Horario de apertura<\/strong><\/p>\n\n\n\n<p class=\"has-ast-global-color-8-color has-ast-global-color-4-background-color has-text-color has-background has-medium-font-size\">&#8211;&nbsp;<strong>Lunes a Viernes<\/strong>&nbsp;&nbsp;Ma\u00f1anas 08:00 &#8211; 15:00 <\/p>\n","protected":false},"excerpt":{"rendered":"<p>Desde sus inicios en\u00a0FLONASA S.L.\u00a0sabemos que el hielo es una necesidad en el sector de la hosteler\u00eda y por ello estamos en una constante evoluci\u00f3n , a la que d\u00eda tras d\u00eda profesionales buscan ofrecer la mejor calidad , disposici\u00f3n y servicio. Profesionales al servicio de profesionales. LOS INICIOS En sus inicios&nbsp;FLONASA&nbsp;S.L.&nbsp;parti\u00f3 desde este local [&hellip;]<\/p>\n","protected":false},"author":1,"featured_media":0,"parent":0,"menu_order":0,"comment_status":"closed","ping_status":"closed","template":"","meta":{"site-sidebar-layout":"default","site-content-layout":"","ast-site-content-layout":"default","site-content-style":"default","site-sidebar-style":"default","ast-global-header-display":"","ast-banner-title-visibility":"","ast-main-header-display":"","ast-hfb-above-header-display":"","ast-hfb-below-header-display":"","ast-hfb-mobile-header-display":"","site-post-title":"","ast-breadcrumbs-content":"","ast-featured-img":"","footer-sml-layout":"","ast-disable-related-posts":"","theme-transparent-header-meta":"","adv-header-id-meta":"","stick-header-meta":"","header-above-stick-meta":"","header-main-stick-meta":"","header-below-stick-meta":"","astra-migrate-meta-layouts":"default","ast-page-background-enabled":"default","ast-page-background-meta":{"desktop":{"background-color":"var(--ast-global-color-4)","background-image":"","background-repeat":"repeat","background-position":"center center","background-size":"auto","background-attachment":"scroll","background-type":"","background-media":"","overlay-type":"","overlay-color":"","overlay-opacity":"","overlay-gradient":""},"tablet":{"background-color":"","background-image":"","background-repeat":"repeat","background-position":"center center","background-size":"auto","background-attachment":"scroll","background-type":"","background-media":"","overlay-type":"","overlay-color":"","overlay-opacity":"","overlay-gradient":""},"mobile":{"background-color":"","background-image":"","background-repeat":"repeat","background-position":"center center","background-size":"auto","background-attachment":"scroll","background-type":"","background-media":"","overlay-type":"","overlay-color":"","overlay-opacity":"","overlay-gradient":""}},"ast-content-background-meta":{"desktop":{"background-color":"var(--ast-global-color-5)","background-image":"","background-repeat":"repeat","background-position":"center center","background-size":"auto","background-attachment":"scroll","background-type":"","background-media":"","overlay-type":"","overlay-color":"","overlay-opacity":"","overlay-gradient":""},"tablet":{"background-color":"var(--ast-global-color-5)","background-image":"","background-repeat":"repeat","background-position":"center center","background-size":"auto","background-attachment":"scroll","background-type":"","background-media":"","overlay-type":"","overlay-color":"","overlay-opacity":"","overlay-gradient":""},"mobile":{"background-color":"var(--ast-global-color-5)","background-image":"","background-repeat":"repeat","background-position":"center center","background-size":"auto","background-attachment":"scroll","background-type":"","background-media":"","overlay-type":"","overlay-color":"","overlay-opacity":"","overlay-gradient":""}},"footnotes":""},"class_list":["post-2906","page","type-page","status-publish","hentry"],"_links":{"self":[{"href":"https:\/\/flonasa.com\/index.php?rest_route=\/wp\/v2\/pages\/2906","targetHints":{"allow":["GET"]}}],"collection":[{"href":"https:\/\/flonasa.com\/index.php?rest_route=\/wp\/v2\/pages"}],"about":[{"href":"https:\/\/flonasa.com\/index.php?rest_route=\/wp\/v2\/types\/page"}],"author":[{"embeddable":true,"href":"https:\/\/flonasa.com\/index.php?rest_route=\/wp\/v2\/users\/1"}],"replies":[{"embeddable":true,"href":"https:\/\/flonasa.com\/index.php?rest_route=%2Fwp%2Fv2%2Fcomments&post=2906"}],"version-history":[{"count":6,"href":"https:\/\/flonasa.com\/index.php?rest_route=\/wp\/v2\/pages\/2906\/revisions"}],"predecessor-version":[{"id":3172,"href":"https:\/\/flonasa.com\/index.php?rest_route=\/wp\/v2\/pages\/2906\/revisions\/3172"}],"wp:attachment":[{"href":"https:\/\/flonasa.com\/index.php?rest_route=%2Fwp%2Fv2%2Fmedia&parent=2906"}],"curies":[{"name":"wp","href":"https:\/\/api.w.org\/{rel}","templated":true}]}}