{"id":2915,"date":"2022-11-23T11:27:43","date_gmt":"2022-11-23T11:27:43","guid":{"rendered":"https:\/\/flonasa.com\/?page_id=2915"},"modified":"2025-04-10T12:54:33","modified_gmt":"2025-04-10T12:54:33","slug":"catalogo-2","status":"publish","type":"page","link":"https:\/\/flonasa.com\/?page_id=2915","title":{"rendered":"Catalogo"},"content":{"rendered":"\n<figure class=\"wp-block-image size-large\"><img loading=\"lazy\" decoding=\"async\" width=\"1024\" height=\"319\" src=\"https:\/\/flonasa.com\/wp-content\/uploads\/2025\/04\/logo-blanco-1-1024x319.jpg\" alt=\"\" class=\"wp-image-3380\" srcset=\"https:\/\/flonasa.com\/wp-content\/uploads\/2025\/04\/logo-blanco-1-1024x319.jpg 1024w, https:\/\/flonasa.com\/wp-content\/uploads\/2025\/04\/logo-blanco-1-300x93.jpg 300w, https:\/\/flonasa.com\/wp-content\/uploads\/2025\/04\/logo-blanco-1-768x239.jpg 768w, https:\/\/flonasa.com\/wp-content\/uploads\/2025\/04\/logo-blanco-1-1536x478.jpg 1536w, https:\/\/flonasa.com\/wp-content\/uploads\/2025\/04\/logo-blanco-1-2048x638.jpg 2048w, https:\/\/flonasa.com\/wp-content\/uploads\/2025\/04\/logo-blanco-1-600x187.jpg 600w\" sizes=\"auto, (max-width: 1024px) 100vw, 1024px\" \/><\/figure>\n\n\n\n<div class=\"wp-block-columns alignwide is-layout-flex wp-container-core-columns-is-layout-28f84493 wp-block-columns-is-layout-flex\">\n<div class=\"wp-block-column has-text-color has-background has-link-color wp-elements-c2269db137b6a31d2dd2baf84b7c2b48 is-layout-flow wp-block-column-is-layout-flow\" style=\"color:#000000;background-color:#ffe97d;padding-top:2em;padding-right:2em;padding-bottom:2em;padding-left:2em\">\n<h2 class=\"wp-block-heading has-ast-global-color-8-color has-text-color has-large-font-size\" id=\"single\"><strong><strong>Fabricadores de Cubitos de Hielo<\/strong><\/strong><\/h2>\n\n\n\n<figure class=\"wp-block-image size-full\"><img loading=\"lazy\" decoding=\"async\" width=\"209\" height=\"289\" src=\"https:\/\/flonasa.com\/wp-content\/uploads\/2022\/11\/F6.jpg\" alt=\"\" class=\"wp-image-2480\"\/><\/figure>\n\n\n\n<p class=\"has-normal-font-size\" style=\"line-height:1.5\"><strong>Fabricamos m\u00e1quinas de cubitos de hielo satisfaciendo las necesidades de nuestros clientes.<\/strong><\/p>\n\n\n\n<p>En nuestro cat\u00e1logo encontrar\u00e1 el modelo de fabricador y el tipo de cubito de hielo (<a href=\"https:\/\/flonasa.com\/?page_id=2861\" data-type=\"page\" data-id=\"2861\" target=\"_blank\" rel=\"noreferrer noopener\">polivalente, everest, montblanc<\/a>) que mas se adapten a ustedes.<\/p>\n\n\n\n<hr class=\"wp-block-separator has-text-color has-css-opacity has-background is-style-wide\" style=\"background-color:#000000;color:#000000\"\/>\n\n\n\n<p class=\"has-ast-global-color-8-color has-text-color\"><strong>Todos nuestros equipos tienen:<\/strong>  <\/p>\n\n\n\n<ul class=\"wp-block-list\">\n<li>Sistema de fabricaci\u00f3n sin problemas de cal.<\/li>\n\n\n\n<li>Exterior en acero con acabado pulido espejo.<\/li>\n\n\n\n<li>Aislamiento de alta densidad para mejor conservaci\u00f3n del hielo.\n<ul class=\"wp-block-list\">\n<li><\/li>\n<\/ul>\n<\/li>\n\n\n\n<li>Control de llenado de dep\u00f3sito mediante dispositivo mec\u00e1nico.\n\n\n\n<\/li>\n\n\n\n<li>La mejor accesibilidad en caso de intervenci\u00f3n.\n<ul class=\"wp-block-list\">\n<li><\/li>\n<\/ul>\n<\/li>\n\n\n\n<li>Bajo nivel de ruidos.<\/li>\n<\/ul>\n\n\n\n<div class=\"wp-block-buttons alignfull is-horizontal is-content-justification-center is-layout-flex wp-container-core-buttons-is-layout-03627597 wp-block-buttons-is-layout-flex\">\n<div class=\"wp-block-button has-custom-width wp-block-button__width-100\"><a class=\"wp-block-button__link has-white-color has-text-color has-background no-border-radius wp-element-button\" href=\"https:\/\/flonasa.com\/wp-content\/uploads\/2022\/11\/Especificaciones-3-6-8-12-14.pdf\" style=\"background-color:#000000\" target=\"_blank\" rel=\"noreferrer noopener\">Especificaciones maquinas<\/a><\/div>\n<\/div>\n<\/div>\n\n\n\n<div class=\"wp-block-column has-text-color has-background has-link-color wp-elements-a63d94c12eae7ce26a7aadd757b3bbde is-layout-flow wp-block-column-is-layout-flow\" style=\"color:#000000;background-color:#d1d1e1;padding-top:2em;padding-right:2em;padding-bottom:2em;padding-left:2em\">\n<h2 class=\"wp-block-heading has-text-align-center has-ast-global-color-8-color has-text-color has-large-font-size\" id=\"family\"><strong>Enfriadores<\/strong><\/h2>\n\n\n\n<figure class=\"wp-block-image size-large\"><img loading=\"lazy\" decoding=\"async\" width=\"779\" height=\"1024\" src=\"https:\/\/flonasa.com\/wp-content\/uploads\/2022\/12\/ok_FA250-779x1024.jpg\" alt=\"\" class=\"wp-image-3205\" srcset=\"https:\/\/flonasa.com\/wp-content\/uploads\/2022\/12\/ok_FA250-779x1024.jpg 779w, https:\/\/flonasa.com\/wp-content\/uploads\/2022\/12\/ok_FA250-228x300.jpg 228w, https:\/\/flonasa.com\/wp-content\/uploads\/2022\/12\/ok_FA250-768x1010.jpg 768w, https:\/\/flonasa.com\/wp-content\/uploads\/2022\/12\/ok_FA250-1169x1536.jpg 1169w, https:\/\/flonasa.com\/wp-content\/uploads\/2022\/12\/ok_FA250-1558x2048.jpg 1558w, https:\/\/flonasa.com\/wp-content\/uploads\/2022\/12\/ok_FA250-300x394.jpg 300w, https:\/\/flonasa.com\/wp-content\/uploads\/2022\/12\/ok_FA250-600x789.jpg 600w, https:\/\/flonasa.com\/wp-content\/uploads\/2022\/12\/ok_FA250-scaled.jpg 1948w\" sizes=\"auto, (max-width: 779px) 100vw, 779px\" \/><\/figure>\n\n\n\n<p class=\"has-normal-font-size\" style=\"line-height:1.5\">Con nuestros equipos podr\u00e1 optimizar sus procesos de producci\u00f3n a la vez que abaratar costes.<\/p>\n\n\n\n<hr class=\"wp-block-separator has-css-opacity is-style-wide\"\/>\n\n\n\n<div class=\"wp-block-buttons alignfull is-horizontal is-content-justification-center is-layout-flex wp-container-core-buttons-is-layout-03627597 wp-block-buttons-is-layout-flex\"><\/div>\n<\/div>\n\n\n\n<div class=\"wp-block-column has-text-color has-background has-link-color wp-elements-d360a787fbb8651690f13eba4dd8fe00 is-layout-flow wp-block-column-is-layout-flow\" style=\"color:#000000;background-color:#c0ebf1;padding-top:2em;padding-right:2em;padding-bottom:2em;padding-left:2em\">\n<h2 class=\"wp-block-heading has-text-align-center has-ast-global-color-8-color has-text-color\" id=\"patron\" style=\"font-size:40px\"><strong>Dep\u00f3sitos<\/strong><\/h2>\n\n\n\n<figure class=\"wp-block-image size-full\"><img loading=\"lazy\" decoding=\"async\" width=\"326\" height=\"367\" src=\"https:\/\/flonasa.com\/wp-content\/uploads\/2022\/11\/PR-DEP-1.jpg\" alt=\"\" class=\"wp-image-3174\" srcset=\"https:\/\/flonasa.com\/wp-content\/uploads\/2022\/11\/PR-DEP-1.jpg 326w, https:\/\/flonasa.com\/wp-content\/uploads\/2022\/11\/PR-DEP-1-266x300.jpg 266w, https:\/\/flonasa.com\/wp-content\/uploads\/2022\/11\/PR-DEP-1-300x338.jpg 300w\" sizes=\"auto, (max-width: 326px) 100vw, 326px\" \/><\/figure>\n\n\n\n<p class=\"has-normal-font-size\">Dep\u00f3sito con un volumen de 500 litros o la acumulaci\u00f3n de 400 kg de hielo.<\/p>\n\n\n\n<p>Interior y exterior en INOX.&nbsp;<\/p>\n\n\n\n<hr class=\"wp-block-separator has-css-opacity is-style-wide\"\/>\n\n\n\n<div class=\"wp-block-buttons alignfull is-horizontal is-content-justification-center is-layout-flex wp-container-core-buttons-is-layout-03627597 wp-block-buttons-is-layout-flex\"><\/div>\n<\/div>\n<\/div>\n","protected":false},"excerpt":{"rendered":"<p>Fabricadores de Cubitos de Hielo Fabricamos m\u00e1quinas de cubitos de hielo satisfaciendo las necesidades de nuestros clientes. En nuestro cat\u00e1logo encontrar\u00e1 el modelo de fabricador y el tipo de cubito de hielo (polivalente, everest, montblanc) que mas se adapten a ustedes. Todos nuestros equipos tienen: Enfriadores Con nuestros equipos podr\u00e1 optimizar sus procesos de producci\u00f3n [&hellip;]<\/p>\n","protected":false},"author":1,"featured_media":0,"parent":0,"menu_order":0,"comment_status":"closed","ping_status":"closed","template":"","meta":{"site-sidebar-layout":"default","site-content-layout":"","ast-site-content-layout":"default","site-content-style":"default","site-sidebar-style":"default","ast-global-header-display":"","ast-banner-title-visibility":"","ast-main-header-display":"","ast-hfb-above-header-display":"","ast-hfb-below-header-display":"","ast-hfb-mobile-header-display":"","site-post-title":"","ast-breadcrumbs-content":"","ast-featured-img":"","footer-sml-layout":"","ast-disable-related-posts":"","theme-transparent-header-meta":"","adv-header-id-meta":"","stick-header-meta":"","header-above-stick-meta":"","header-main-stick-meta":"","header-below-stick-meta":"","astra-migrate-meta-layouts":"set","ast-page-background-enabled":"default","ast-page-background-meta":{"desktop":{"background-color":"var(--ast-global-color-4)","background-image":"","background-repeat":"repeat","background-position":"center center","background-size":"auto","background-attachment":"scroll","background-type":"","background-media":"","overlay-type":"","overlay-color":"","overlay-opacity":"","overlay-gradient":""},"tablet":{"background-color":"","background-image":"","background-repeat":"repeat","background-position":"center center","background-size":"auto","background-attachment":"scroll","background-type":"","background-media":"","overlay-type":"","overlay-color":"","overlay-opacity":"","overlay-gradient":""},"mobile":{"background-color":"","background-image":"","background-repeat":"repeat","background-position":"center center","background-size":"auto","background-attachment":"scroll","background-type":"","background-media":"","overlay-type":"","overlay-color":"","overlay-opacity":"","overlay-gradient":""}},"ast-content-background-meta":{"desktop":{"background-color":"var(--ast-global-color-5)","background-image":"","background-repeat":"repeat","background-position":"center center","background-size":"auto","background-attachment":"scroll","background-type":"","background-media":"","overlay-type":"","overlay-color":"","overlay-opacity":"","overlay-gradient":""},"tablet":{"background-color":"var(--ast-global-color-5)","background-image":"","background-repeat":"repeat","background-position":"center center","background-size":"auto","background-attachment":"scroll","background-type":"","background-media":"","overlay-type":"","overlay-color":"","overlay-opacity":"","overlay-gradient":""},"mobile":{"background-color":"var(--ast-global-color-5)","background-image":"","background-repeat":"repeat","background-position":"center center","background-size":"auto","background-attachment":"scroll","background-type":"","background-media":"","overlay-type":"","overlay-color":"","overlay-opacity":"","overlay-gradient":""}},"footnotes":""},"class_list":["post-2915","page","type-page","status-publish","hentry"],"_links":{"self":[{"href":"https:\/\/flonasa.com\/index.php?rest_route=\/wp\/v2\/pages\/2915","targetHints":{"allow":["GET"]}}],"collection":[{"href":"https:\/\/flonasa.com\/index.php?rest_route=\/wp\/v2\/pages"}],"about":[{"href":"https:\/\/flonasa.com\/index.php?rest_route=\/wp\/v2\/types\/page"}],"author":[{"embeddable":true,"href":"https:\/\/flonasa.com\/index.php?rest_route=\/wp\/v2\/users\/1"}],"replies":[{"embeddable":true,"href":"https:\/\/flonasa.com\/index.php?rest_route=%2Fwp%2Fv2%2Fcomments&post=2915"}],"version-history":[{"count":16,"href":"https:\/\/flonasa.com\/index.php?rest_route=\/wp\/v2\/pages\/2915\/revisions"}],"predecessor-version":[{"id":3381,"href":"https:\/\/flonasa.com\/index.php?rest_route=\/wp\/v2\/pages\/2915\/revisions\/3381"}],"wp:attachment":[{"href":"https:\/\/flonasa.com\/index.php?rest_route=%2Fwp%2Fv2%2Fmedia&parent=2915"}],"curies":[{"name":"wp","href":"https:\/\/api.w.org\/{rel}","templated":true}]}}