{"id":2961,"date":"2022-11-25T07:14:46","date_gmt":"2022-11-25T07:14:46","guid":{"rendered":"https:\/\/flonasa.com\/?page_id=2961"},"modified":"2024-02-29T12:16:49","modified_gmt":"2024-02-29T12:16:49","slug":"recambios-2","status":"publish","type":"page","link":"https:\/\/flonasa.com\/?page_id=2961","title":{"rendered":"Recambios"},"content":{"rendered":"\n<p class=\"has-text-align-center has-ast-global-color-8-color has-ast-global-color-4-background-color has-text-color has-background has-medium-font-size\">Para mas informaci\u00f3n p\u00f3ngase en contacto con nosotros a trav\u00e9s del tel\u00e9fono: 938646743<\/p>\n\n\n\n<div class=\"wp-block-columns alignwide is-layout-flex wp-container-core-columns-is-layout-28f84493 wp-block-columns-is-layout-flex\">\n<div class=\"wp-block-column has-text-color has-background has-link-color wp-elements-dcb23f11e211225ab97357aa74ddfcd3 is-layout-flow wp-block-column-is-layout-flow\" style=\"color:#000000;background-color:#ffe97d;padding-top:2em;padding-right:2em;padding-bottom:2em;padding-left:2em\">\n<h2 class=\"wp-block-heading has-text-align-center\" id=\"single\" style=\"font-size:40px\"><strong>Tarjetas<\/strong><\/h2>\n\n\n\n<figure class=\"wp-block-image aligncenter size-large is-resized\"><img loading=\"lazy\" decoding=\"async\" width=\"707\" height=\"1024\" src=\"https:\/\/flonasa.com\/wp-content\/uploads\/2022\/11\/Tarjetas-707x1024.jpeg\" alt=\"\" class=\"wp-image-2451\" style=\"width:200px;height:290px\" srcset=\"https:\/\/flonasa.com\/wp-content\/uploads\/2022\/11\/Tarjetas-707x1024.jpeg 707w, https:\/\/flonasa.com\/wp-content\/uploads\/2022\/11\/Tarjetas-300x435.jpeg 300w, https:\/\/flonasa.com\/wp-content\/uploads\/2022\/11\/Tarjetas-600x870.jpeg 600w, https:\/\/flonasa.com\/wp-content\/uploads\/2022\/11\/Tarjetas-207x300.jpeg 207w, https:\/\/flonasa.com\/wp-content\/uploads\/2022\/11\/Tarjetas-768x1113.jpeg 768w, https:\/\/flonasa.com\/wp-content\/uploads\/2022\/11\/Tarjetas-1060x1536.jpeg 1060w, https:\/\/flonasa.com\/wp-content\/uploads\/2022\/11\/Tarjetas.jpeg 1104w\" sizes=\"auto, (max-width: 707px) 100vw, 707px\" \/><\/figure>\n\n\n\n<hr class=\"wp-block-separator has-text-color has-css-opacity has-background is-style-wide\" style=\"background-color:#000000;color:#000000\"\/>\n\n\n\n<div class=\"wp-block-buttons alignfull is-horizontal is-content-justification-center is-layout-flex wp-container-core-buttons-is-layout-03627597 wp-block-buttons-is-layout-flex\">\n<div class=\"wp-block-button\"><a class=\"wp-block-button__link wp-element-button\" href=\"https:\/\/flonasa.com\/?product_cat=tarjetas\" target=\"_blank\" rel=\"noreferrer noopener\">Tarjetas<\/a><\/div>\n<\/div>\n<\/div>\n\n\n\n<div class=\"wp-block-column has-text-color has-background has-link-color wp-elements-c257ec8e7b4e7b50a7ffbf345c26c146 is-layout-flow wp-block-column-is-layout-flow\" style=\"color:#000000;background-color:#d1d1e1;padding-top:2em;padding-right:2em;padding-bottom:2em;padding-left:2em\">\n<h2 class=\"wp-block-heading has-text-align-center\" id=\"family\" style=\"font-size:40px\"><strong>Compresores<\/strong><\/h2>\n\n\n\n<figure class=\"wp-block-image size-full is-resized\"><img loading=\"lazy\" decoding=\"async\" width=\"152\" height=\"113\" src=\"https:\/\/flonasa.com\/wp-content\/uploads\/2022\/11\/5600344compresor6_152.jpg\" alt=\"\" class=\"wp-image-2669\" style=\"width:325px;height:242px\" srcset=\"https:\/\/flonasa.com\/wp-content\/uploads\/2022\/11\/5600344compresor6_152.jpg 152w, https:\/\/flonasa.com\/wp-content\/uploads\/2022\/11\/5600344compresor6_152-150x113.jpg 150w\" sizes=\"auto, (max-width: 152px) 100vw, 152px\" \/><\/figure>\n\n\n\n<hr class=\"wp-block-separator has-css-opacity is-style-wide\"\/>\n\n\n\n<div class=\"wp-block-buttons alignfull is-horizontal is-content-justification-center is-layout-flex wp-container-core-buttons-is-layout-03627597 wp-block-buttons-is-layout-flex\">\n<div class=\"wp-block-button\"><a class=\"wp-block-button__link wp-element-button\" href=\"https:\/\/flonasa.com\/?product_cat=compresores\" target=\"_blank\" rel=\"noreferrer noopener\">Compresores<\/a><\/div>\n<\/div>\n<\/div>\n\n\n\n<div class=\"wp-block-column has-text-color has-background has-link-color wp-elements-1c5c6b5e86dd2f6ce09124aee4a38de2 is-layout-flow wp-block-column-is-layout-flow\" style=\"color:#000000;background-color:#c0ebf1;padding-top:2em;padding-right:2em;padding-bottom:2em;padding-left:2em\">\n<h2 class=\"wp-block-heading has-text-align-center\" id=\"patron\" style=\"font-size:40px\"><strong>V\u00e1lvulas de Expansi\u00f3n<\/strong><\/h2>\n\n\n\n<figure class=\"wp-block-image size-large\"><img loading=\"lazy\" decoding=\"async\" width=\"697\" height=\"1024\" src=\"https:\/\/flonasa.com\/wp-content\/uploads\/2023\/01\/Valvula-Expansion-1-697x1024.jpeg\" alt=\"\" class=\"wp-image-3241\" srcset=\"https:\/\/flonasa.com\/wp-content\/uploads\/2023\/01\/Valvula-Expansion-1-697x1024.jpeg 697w, https:\/\/flonasa.com\/wp-content\/uploads\/2023\/01\/Valvula-Expansion-1-204x300.jpeg 204w, https:\/\/flonasa.com\/wp-content\/uploads\/2023\/01\/Valvula-Expansion-1-768x1128.jpeg 768w, https:\/\/flonasa.com\/wp-content\/uploads\/2023\/01\/Valvula-Expansion-1-1045x1536.jpeg 1045w, https:\/\/flonasa.com\/wp-content\/uploads\/2023\/01\/Valvula-Expansion-1-300x441.jpeg 300w, https:\/\/flonasa.com\/wp-content\/uploads\/2023\/01\/Valvula-Expansion-1-600x882.jpeg 600w, https:\/\/flonasa.com\/wp-content\/uploads\/2023\/01\/Valvula-Expansion-1.jpeg 1089w\" sizes=\"auto, (max-width: 697px) 100vw, 697px\" \/><\/figure>\n\n\n\n<hr class=\"wp-block-separator has-css-opacity is-style-wide\"\/>\n\n\n\n<div class=\"wp-block-buttons alignfull is-horizontal is-content-justification-center is-layout-flex wp-container-core-buttons-is-layout-03627597 wp-block-buttons-is-layout-flex\">\n<div class=\"wp-block-button\"><a class=\"wp-block-button__link wp-element-button\" href=\"https:\/\/flonasa.com\/?product_cat=valvula-expansion\">V\u00e1lvulas Expansi\u00f3n<\/a><\/div>\n<\/div>\n<\/div>\n<\/div>\n\n\n\n<div class=\"wp-block-columns alignwide is-layout-flex wp-container-core-columns-is-layout-28f84493 wp-block-columns-is-layout-flex\">\n<div class=\"wp-block-column has-text-color has-background has-link-color wp-elements-cc2eca4cafb969917e2c887cb5bd7148 is-layout-flow wp-block-column-is-layout-flow\" style=\"color:#000000;background-color:#ffe97d;padding-top:2em;padding-right:2em;padding-bottom:2em;padding-left:2em\">\n<h2 class=\"wp-block-heading has-text-align-center\" id=\"single\" style=\"font-size:40px\"><strong>Motores<\/strong><\/h2>\n\n\n\n<figure class=\"wp-block-image aligncenter size-large is-resized\"><img loading=\"lazy\" decoding=\"async\" width=\"518\" height=\"1024\" src=\"https:\/\/flonasa.com\/wp-content\/uploads\/2022\/11\/Agitador-24V-518x1024.jpeg\" alt=\"\" class=\"wp-image-2636\" style=\"width:196px;height:387px\" srcset=\"https:\/\/flonasa.com\/wp-content\/uploads\/2022\/11\/Agitador-24V-518x1024.jpeg 518w, https:\/\/flonasa.com\/wp-content\/uploads\/2022\/11\/Agitador-24V-300x594.jpeg 300w, https:\/\/flonasa.com\/wp-content\/uploads\/2022\/11\/Agitador-24V-600x1187.jpeg 600w, https:\/\/flonasa.com\/wp-content\/uploads\/2022\/11\/Agitador-24V-152x300.jpeg 152w, https:\/\/flonasa.com\/wp-content\/uploads\/2022\/11\/Agitador-24V-768x1520.jpeg 768w, https:\/\/flonasa.com\/wp-content\/uploads\/2022\/11\/Agitador-24V-776x1536.jpeg 776w, https:\/\/flonasa.com\/wp-content\/uploads\/2022\/11\/Agitador-24V.jpeg 1035w\" sizes=\"auto, (max-width: 518px) 100vw, 518px\" \/><\/figure>\n\n\n\n<hr class=\"wp-block-separator has-text-color has-css-opacity has-background is-style-wide\" style=\"background-color:#000000;color:#000000\"\/>\n\n\n\n<div class=\"wp-block-buttons alignfull is-horizontal is-content-justification-center is-layout-flex wp-container-core-buttons-is-layout-03627597 wp-block-buttons-is-layout-flex\">\n<div class=\"wp-block-button\"><a class=\"wp-block-button__link wp-element-button\" href=\"https:\/\/flonasa.com\/?product_cat=motores\" target=\"_blank\" rel=\"noreferrer noopener\">Motores<\/a><\/div>\n<\/div>\n<\/div>\n\n\n\n<div class=\"wp-block-column has-text-color has-background has-link-color wp-elements-bbfddff562123a044a22c2b944600099 is-layout-flow wp-block-column-is-layout-flow\" style=\"color:#000000;background-color:#d1d1e1;padding-top:2em;padding-right:2em;padding-bottom:2em;padding-left:2em\">\n<h2 class=\"wp-block-heading has-text-align-center\" id=\"family\" style=\"font-size:40px\"><strong>Cable Giro Cubeta<\/strong><\/h2>\n\n\n\n<figure class=\"wp-block-image aligncenter size-large is-resized\"><img loading=\"lazy\" decoding=\"async\" width=\"347\" height=\"1024\" src=\"https:\/\/flonasa.com\/wp-content\/uploads\/2024\/02\/Cables-Giro-Cubeta-347x1024.jpeg\" alt=\"\" class=\"wp-image-3322\" srcset=\"https:\/\/flonasa.com\/wp-content\/uploads\/2024\/02\/Cables-Giro-Cubeta-347x1024.jpeg 347w, https:\/\/flonasa.com\/wp-content\/uploads\/2024\/02\/Cables-Giro-Cubeta-102x300.jpeg 102w, https:\/\/flonasa.com\/wp-content\/uploads\/2024\/02\/Cables-Giro-Cubeta-520x1536.jpeg 520w, https:\/\/flonasa.com\/wp-content\/uploads\/2024\/02\/Cables-Giro-Cubeta-600x1773.jpeg 600w, https:\/\/flonasa.com\/wp-content\/uploads\/2024\/02\/Cables-Giro-Cubeta.jpeg 693w\" sizes=\"auto, (max-width: 347px) 100vw, 347px\" \/><\/figure>\n\n\n\n<hr class=\"wp-block-separator has-css-opacity is-style-wide\"\/>\n\n\n\n<div class=\"wp-block-buttons alignfull is-horizontal is-content-justification-center is-layout-flex wp-container-core-buttons-is-layout-03627597 wp-block-buttons-is-layout-flex\">\n<div class=\"wp-block-button\"><a class=\"wp-block-button__link wp-element-button\" href=\"https:\/\/flonasa.com\/?product_cat=cable-giro\" target=\"_blank\" rel=\"noreferrer noopener\">Cable Giro Cubeta<\/a><\/div>\n<\/div>\n<\/div>\n\n\n\n<div class=\"wp-block-column has-text-color has-background has-link-color wp-elements-d52fbfed1c40b4dc09dabad768c6d4da is-layout-flow wp-block-column-is-layout-flow\" style=\"color:#000000;background-color:#c0ebf1;padding-top:2em;padding-right:2em;padding-bottom:2em;padding-left:2em\">\n<h2 class=\"wp-block-heading has-text-align-center\" id=\"patron\" style=\"font-size:40px\"><strong>Presostatos Termostatos<\/strong><\/h2>\n\n\n\n<figure class=\"wp-block-image size-large\"><img loading=\"lazy\" decoding=\"async\" width=\"1024\" height=\"874\" src=\"https:\/\/flonasa.com\/wp-content\/uploads\/2022\/11\/Presostato-1024x874.jpg\" alt=\"\" class=\"wp-image-2450\" srcset=\"https:\/\/flonasa.com\/wp-content\/uploads\/2022\/11\/Presostato-1024x874.jpg 1024w, https:\/\/flonasa.com\/wp-content\/uploads\/2022\/11\/Presostato-300x256.jpg 300w, https:\/\/flonasa.com\/wp-content\/uploads\/2022\/11\/Presostato-600x512.jpg 600w, https:\/\/flonasa.com\/wp-content\/uploads\/2022\/11\/Presostato-768x656.jpg 768w, https:\/\/flonasa.com\/wp-content\/uploads\/2022\/11\/Presostato-1536x1311.jpg 1536w, https:\/\/flonasa.com\/wp-content\/uploads\/2022\/11\/Presostato.jpg 1707w\" sizes=\"auto, (max-width: 1024px) 100vw, 1024px\" \/><\/figure>\n\n\n\n<hr class=\"wp-block-separator has-css-opacity is-style-wide\"\/>\n\n\n\n<div class=\"wp-block-buttons alignfull is-horizontal is-content-justification-center is-layout-flex wp-container-core-buttons-is-layout-03627597 wp-block-buttons-is-layout-flex\">\n<div class=\"wp-block-button\"><a class=\"wp-block-button__link wp-element-button\" href=\"https:\/\/flonasa.com\/?product_cat=presostato-termostato\" target=\"_blank\" rel=\"noreferrer noopener\">Presostatos Termostatos<\/a><\/div>\n<\/div>\n<\/div>\n<\/div>\n\n\n\n<div class=\"wp-block-columns alignwide is-layout-flex wp-container-core-columns-is-layout-28f84493 wp-block-columns-is-layout-flex\">\n<div class=\"wp-block-column has-text-color has-background has-link-color wp-elements-db75d31589c2d6b5fdfa9a1dcf3a8f8a is-layout-flow wp-block-column-is-layout-flow\" style=\"color:#000000;background-color:#ffe97d;padding-top:2em;padding-right:2em;padding-bottom:2em;padding-left:2em\">\n<h2 class=\"wp-block-heading has-text-align-center\" id=\"single\" style=\"font-size:40px\"><strong>Conjunto Nivel Agua<\/strong><\/h2>\n\n\n\n<figure class=\"wp-block-image aligncenter size-large\"><img loading=\"lazy\" decoding=\"async\" width=\"1024\" height=\"739\" src=\"https:\/\/flonasa.com\/wp-content\/uploads\/2022\/11\/Conjunto-Nivel-micro-boya-1024x739.jpg\" alt=\"\" class=\"wp-image-2433\" srcset=\"https:\/\/flonasa.com\/wp-content\/uploads\/2022\/11\/Conjunto-Nivel-micro-boya-1024x739.jpg 1024w, https:\/\/flonasa.com\/wp-content\/uploads\/2022\/11\/Conjunto-Nivel-micro-boya-300x216.jpg 300w, https:\/\/flonasa.com\/wp-content\/uploads\/2022\/11\/Conjunto-Nivel-micro-boya-600x433.jpg 600w, https:\/\/flonasa.com\/wp-content\/uploads\/2022\/11\/Conjunto-Nivel-micro-boya-768x554.jpg 768w, https:\/\/flonasa.com\/wp-content\/uploads\/2022\/11\/Conjunto-Nivel-micro-boya-1536x1108.jpg 1536w, https:\/\/flonasa.com\/wp-content\/uploads\/2022\/11\/Conjunto-Nivel-micro-boya-2048x1478.jpg 2048w\" sizes=\"auto, (max-width: 1024px) 100vw, 1024px\" \/><\/figure>\n\n\n\n<hr class=\"wp-block-separator has-text-color has-css-opacity has-background is-style-wide\" style=\"background-color:#000000;color:#000000\"\/>\n\n\n\n<div class=\"wp-block-buttons alignfull is-horizontal is-content-justification-center is-layout-flex wp-container-core-buttons-is-layout-03627597 wp-block-buttons-is-layout-flex\">\n<div class=\"wp-block-button\"><a class=\"wp-block-button__link wp-element-button\" href=\"https:\/\/flonasa.com\/?product_cat=conjunto-nivel-agua\" target=\"_blank\" rel=\"noreferrer noopener\">Conjunto Nivel Agua<\/a><\/div>\n\n\n<\/div>\n<\/div>\n\n\n\n<div class=\"wp-block-column has-text-color has-background has-link-color wp-elements-0857bc19ec69d39807732e7b4a01fe79 is-layout-flow wp-block-column-is-layout-flow\" style=\"color:#000000;background-color:#d1d1e1;padding-top:2em;padding-right:2em;padding-bottom:2em;padding-left:2em\">\n<h2 class=\"wp-block-heading has-text-align-center\" id=\"family\" style=\"font-size:40px\"><strong>Micros<\/strong><\/h2>\n\n\n\n<figure class=\"wp-block-image aligncenter size-large is-resized\"><img loading=\"lazy\" decoding=\"async\" width=\"1024\" height=\"683\" src=\"https:\/\/flonasa.com\/wp-content\/uploads\/2022\/11\/Micro-Paro-1024x683.jpg\" alt=\"\" class=\"wp-image-2442\" style=\"width:324px;height:216px\" srcset=\"https:\/\/flonasa.com\/wp-content\/uploads\/2022\/11\/Micro-Paro-1024x683.jpg 1024w, https:\/\/flonasa.com\/wp-content\/uploads\/2022\/11\/Micro-Paro-300x200.jpg 300w, https:\/\/flonasa.com\/wp-content\/uploads\/2022\/11\/Micro-Paro-600x400.jpg 600w, https:\/\/flonasa.com\/wp-content\/uploads\/2022\/11\/Micro-Paro-768x513.jpg 768w, https:\/\/flonasa.com\/wp-content\/uploads\/2022\/11\/Micro-Paro.jpg 1428w\" sizes=\"auto, (max-width: 1024px) 100vw, 1024px\" \/><\/figure>\n\n\n\n<hr class=\"wp-block-separator has-css-opacity is-style-wide\"\/>\n\n\n\n<div class=\"wp-block-buttons alignfull is-horizontal is-content-justification-center is-layout-flex wp-container-core-buttons-is-layout-03627597 wp-block-buttons-is-layout-flex\">\n<div class=\"wp-block-button\"><a class=\"wp-block-button__link wp-element-button\" href=\"https:\/\/flonasa.com\/?product_cat=micros\" target=\"_blank\" rel=\"noreferrer noopener\">Micros<\/a><\/div>\n<\/div>\n<\/div>\n\n\n\n<div class=\"wp-block-column has-text-color has-background has-link-color wp-elements-3d5ebe75cda6d4a10939935730f08d0e is-layout-flow wp-block-column-is-layout-flow\" style=\"color:#000000;background-color:#c0ebf1;padding-top:2em;padding-right:2em;padding-bottom:2em;padding-left:2em\">\n<h2 class=\"wp-block-heading has-text-align-center\" id=\"patron\" style=\"font-size:40px\"><strong>Electrovalvulas <\/strong><\/h2>\n\n\n\n<figure class=\"wp-block-image aligncenter size-large is-resized\"><img loading=\"lazy\" decoding=\"async\" width=\"1024\" height=\"1010\" src=\"https:\/\/flonasa.com\/wp-content\/uploads\/2022\/11\/Electrovalvula-2-vias-220V-1024x1010.jpg\" alt=\"\" class=\"wp-image-2437\" style=\"width:297px;height:292px\" srcset=\"https:\/\/flonasa.com\/wp-content\/uploads\/2022\/11\/Electrovalvula-2-vias-220V-1024x1010.jpg 1024w, https:\/\/flonasa.com\/wp-content\/uploads\/2022\/11\/Electrovalvula-2-vias-220V-300x296.jpg 300w, https:\/\/flonasa.com\/wp-content\/uploads\/2022\/11\/Electrovalvula-2-vias-220V-100x100.jpg 100w, https:\/\/flonasa.com\/wp-content\/uploads\/2022\/11\/Electrovalvula-2-vias-220V-600x592.jpg 600w, https:\/\/flonasa.com\/wp-content\/uploads\/2022\/11\/Electrovalvula-2-vias-220V-768x757.jpg 768w, https:\/\/flonasa.com\/wp-content\/uploads\/2022\/11\/Electrovalvula-2-vias-220V.jpg 1277w\" sizes=\"auto, (max-width: 1024px) 100vw, 1024px\" \/><\/figure>\n\n\n\n<hr class=\"wp-block-separator has-css-opacity is-style-wide\"\/>\n\n\n\n<div class=\"wp-block-buttons is-layout-flex wp-block-buttons-is-layout-flex\">\n<div class=\"wp-block-button aligncenter\"><a class=\"wp-block-button__link wp-element-button\" href=\"https:\/\/flonasa.com\/?product_cat=electrovalvula\" target=\"_blank\" rel=\"noreferrer noopener\">Electrovalvulas<\/a><\/div>\n<\/div>\n<\/div>\n<\/div>\n\n\n\n<div class=\"wp-block-columns alignwide is-layout-flex wp-container-core-columns-is-layout-28f84493 wp-block-columns-is-layout-flex\">\n<div class=\"wp-block-column has-text-color has-background has-link-color wp-elements-fe88900972c611f5a2b17e8a339ea7f8 is-layout-flow wp-block-column-is-layout-flow\" style=\"color:#000000;background-color:#ffe97d;padding-top:2em;padding-right:2em;padding-bottom:2em;padding-left:2em\">\n<h2 class=\"wp-block-heading has-text-align-center\" id=\"single\" style=\"font-size:40px\"><strong>Cubetas<\/strong><\/h2>\n\n\n\n<figure class=\"wp-block-image aligncenter size-large\"><img loading=\"lazy\" decoding=\"async\" width=\"682\" height=\"1024\" src=\"https:\/\/flonasa.com\/wp-content\/uploads\/2024\/02\/cubetas-1-682x1024.jpeg\" alt=\"\" class=\"wp-image-3309\" srcset=\"https:\/\/flonasa.com\/wp-content\/uploads\/2024\/02\/cubetas-1-682x1024.jpeg 682w, https:\/\/flonasa.com\/wp-content\/uploads\/2024\/02\/cubetas-1-200x300.jpeg 200w, https:\/\/flonasa.com\/wp-content\/uploads\/2024\/02\/cubetas-1-768x1152.jpeg 768w, https:\/\/flonasa.com\/wp-content\/uploads\/2024\/02\/cubetas-1-300x450.jpeg 300w, https:\/\/flonasa.com\/wp-content\/uploads\/2024\/02\/cubetas-1-600x900.jpeg 600w, https:\/\/flonasa.com\/wp-content\/uploads\/2024\/02\/cubetas-1.jpeg 797w\" sizes=\"auto, (max-width: 682px) 100vw, 682px\" \/><\/figure>\n\n\n\n<hr class=\"wp-block-separator has-text-color has-css-opacity has-background is-style-wide\" style=\"background-color:#000000;color:#000000\"\/>\n\n\n\n<div class=\"wp-block-buttons is-layout-flex wp-block-buttons-is-layout-flex\">\n<div class=\"wp-block-button aligncenter\"><a class=\"wp-block-button__link wp-element-button\" href=\"https:\/\/flonasa.com\/?product_cat=cubeta-evaporador\" target=\"_blank\" rel=\"noreferrer noopener\">Cubetas<\/a><\/div>\n<\/div>\n<\/div>\n\n\n\n<div class=\"wp-block-column has-text-color has-background has-link-color wp-elements-b84fb1fe494285946f248e0928c2ed82 is-layout-flow wp-block-column-is-layout-flow\" style=\"color:#000000;background-color:#d1d1e1;padding-top:2em;padding-right:2em;padding-bottom:2em;padding-left:2em\">\n<h2 class=\"wp-block-heading has-text-align-center\" id=\"family\" style=\"font-size:40px\"><strong>Rele<\/strong><\/h2>\n\n\n\n<figure class=\"wp-block-image aligncenter size-full is-resized\"><img loading=\"lazy\" decoding=\"async\" width=\"158\" height=\"174\" src=\"https:\/\/flonasa.com\/wp-content\/uploads\/2022\/11\/transfo_158.jpg\" alt=\"\" class=\"wp-image-2459\" style=\"width:255px;height:281px\"\/><\/figure>\n\n\n\n<hr class=\"wp-block-separator has-css-opacity is-style-wide\"\/>\n\n\n\n<div class=\"wp-block-buttons alignfull is-horizontal is-content-justification-center is-layout-flex wp-container-core-buttons-is-layout-03627597 wp-block-buttons-is-layout-flex\">\n<div class=\"wp-block-button\"><a class=\"wp-block-button__link wp-element-button\" href=\"https:\/\/flonasa.com\/?product_cat=rele\" target=\"_blank\" rel=\"noreferrer noopener\">Rele<\/a><\/div>\n<\/div>\n<\/div>\n\n\n\n<div class=\"wp-block-column has-text-color has-background has-link-color wp-elements-d6604e248c465fa86b756643dbf7c89a is-layout-flow wp-block-column-is-layout-flow\" style=\"color:#000000;background-color:#c0ebf1;padding-top:2em;padding-right:2em;padding-bottom:2em;padding-left:2em\">\n<h2 class=\"wp-block-heading has-text-align-center\" id=\"patron\" style=\"font-size:40px\"><strong>Cuerpo Valvulas Solenoide Gas <\/strong><\/h2>\n\n\n\n<figure class=\"wp-block-image aligncenter size-large is-resized\"><img loading=\"lazy\" decoding=\"async\" width=\"831\" height=\"1024\" src=\"https:\/\/flonasa.com\/wp-content\/uploads\/2022\/11\/Valvula-Solenoide-Gas-831x1024.jpeg\" alt=\"\" class=\"wp-image-3073\" style=\"width:226px;height:277px\" srcset=\"https:\/\/flonasa.com\/wp-content\/uploads\/2022\/11\/Valvula-Solenoide-Gas-831x1024.jpeg 831w, https:\/\/flonasa.com\/wp-content\/uploads\/2022\/11\/Valvula-Solenoide-Gas-300x370.jpeg 300w, https:\/\/flonasa.com\/wp-content\/uploads\/2022\/11\/Valvula-Solenoide-Gas-600x740.jpeg 600w, https:\/\/flonasa.com\/wp-content\/uploads\/2022\/11\/Valvula-Solenoide-Gas-243x300.jpeg 243w, https:\/\/flonasa.com\/wp-content\/uploads\/2022\/11\/Valvula-Solenoide-Gas-768x947.jpeg 768w, https:\/\/flonasa.com\/wp-content\/uploads\/2022\/11\/Valvula-Solenoide-Gas-1246x1536.jpeg 1246w, https:\/\/flonasa.com\/wp-content\/uploads\/2022\/11\/Valvula-Solenoide-Gas.jpeg 1529w\" sizes=\"auto, (max-width: 831px) 100vw, 831px\" \/><\/figure>\n\n\n\n<hr class=\"wp-block-separator has-css-opacity is-style-wide\"\/>\n\n\n\n<div class=\"wp-block-buttons is-layout-flex wp-block-buttons-is-layout-flex\">\n<div class=\"wp-block-button\"><a class=\"wp-block-button__link wp-element-button\" href=\"https:\/\/flonasa.com\/?product_cat=valvula-solenoide-gas\" target=\"_blank\" rel=\"noreferrer noopener\">Cuerpo V\u00e1lvula Solenoide Gas<\/a><\/div>\n<\/div>\n<\/div>\n<\/div>\n","protected":false},"excerpt":{"rendered":"<p>Para mas informaci\u00f3n p\u00f3ngase en contacto con nosotros a trav\u00e9s del tel\u00e9fono: 938646743 Tarjetas Compresores V\u00e1lvulas de Expansi\u00f3n Motores Cable Giro Cubeta Presostatos Termostatos Conjunto Nivel Agua Micros Electrovalvulas Cubetas Rele Cuerpo Valvulas Solenoide Gas<\/p>\n","protected":false},"author":1,"featured_media":0,"parent":0,"menu_order":0,"comment_status":"closed","ping_status":"closed","template":"","meta":{"site-sidebar-layout":"default","site-content-layout":"","ast-site-content-layout":"default","site-content-style":"default","site-sidebar-style":"default","ast-global-header-display":"","ast-banner-title-visibility":"","ast-main-header-display":"","ast-hfb-above-header-display":"","ast-hfb-below-header-display":"","ast-hfb-mobile-header-display":"","site-post-title":"","ast-breadcrumbs-content":"","ast-featured-img":"","footer-sml-layout":"","ast-disable-related-posts":"","theme-transparent-header-meta":"","adv-header-id-meta":"","stick-header-meta":"","header-above-stick-meta":"","header-main-stick-meta":"","header-below-stick-meta":"","astra-migrate-meta-layouts":"set","ast-page-background-enabled":"default","ast-page-background-meta":{"desktop":{"background-color":"var(--ast-global-color-4)","background-image":"","background-repeat":"repeat","background-position":"center center","background-size":"auto","background-attachment":"scroll","background-type":"","background-media":"","overlay-type":"","overlay-color":"","overlay-opacity":"","overlay-gradient":""},"tablet":{"background-color":"","background-image":"","background-repeat":"repeat","background-position":"center center","background-size":"auto","background-attachment":"scroll","background-type":"","background-media":"","overlay-type":"","overlay-color":"","overlay-opacity":"","overlay-gradient":""},"mobile":{"background-color":"","background-image":"","background-repeat":"repeat","background-position":"center center","background-size":"auto","background-attachment":"scroll","background-type":"","background-media":"","overlay-type":"","overlay-color":"","overlay-opacity":"","overlay-gradient":""}},"ast-content-background-meta":{"desktop":{"background-color":"var(--ast-global-color-5)","background-image":"","background-repeat":"repeat","background-position":"center center","background-size":"auto","background-attachment":"scroll","background-type":"","background-media":"","overlay-type":"","overlay-color":"","overlay-opacity":"","overlay-gradient":""},"tablet":{"background-color":"var(--ast-global-color-5)","background-image":"","background-repeat":"repeat","background-position":"center center","background-size":"auto","background-attachment":"scroll","background-type":"","background-media":"","overlay-type":"","overlay-color":"","overlay-opacity":"","overlay-gradient":""},"mobile":{"background-color":"var(--ast-global-color-5)","background-image":"","background-repeat":"repeat","background-position":"center center","background-size":"auto","background-attachment":"scroll","background-type":"","background-media":"","overlay-type":"","overlay-color":"","overlay-opacity":"","overlay-gradient":""}},"footnotes":""},"class_list":["post-2961","page","type-page","status-publish","hentry"],"_links":{"self":[{"href":"https:\/\/flonasa.com\/index.php?rest_route=\/wp\/v2\/pages\/2961","targetHints":{"allow":["GET"]}}],"collection":[{"href":"https:\/\/flonasa.com\/index.php?rest_route=\/wp\/v2\/pages"}],"about":[{"href":"https:\/\/flonasa.com\/index.php?rest_route=\/wp\/v2\/types\/page"}],"author":[{"embeddable":true,"href":"https:\/\/flonasa.com\/index.php?rest_route=\/wp\/v2\/users\/1"}],"replies":[{"embeddable":true,"href":"https:\/\/flonasa.com\/index.php?rest_route=%2Fwp%2Fv2%2Fcomments&post=2961"}],"version-history":[{"count":18,"href":"https:\/\/flonasa.com\/index.php?rest_route=\/wp\/v2\/pages\/2961\/revisions"}],"predecessor-version":[{"id":3323,"href":"https:\/\/flonasa.com\/index.php?rest_route=\/wp\/v2\/pages\/2961\/revisions\/3323"}],"wp:attachment":[{"href":"https:\/\/flonasa.com\/index.php?rest_route=%2Fwp%2Fv2%2Fmedia&parent=2961"}],"curies":[{"name":"wp","href":"https:\/\/api.w.org\/{rel}","templated":true}]}}