{"id":3037,"date":"2022-11-25T08:17:05","date_gmt":"2022-11-25T08:17:05","guid":{"rendered":"https:\/\/flonasa.com\/?page_id=3037"},"modified":"2022-11-30T07:43:49","modified_gmt":"2022-11-30T07:43:49","slug":"hybrido","status":"publish","type":"page","link":"https:\/\/flonasa.com\/?page_id=3037","title":{"rendered":"Hybrido"},"content":{"rendered":"\n<p><\/p>\n\n\n\n<div class=\"wp-block-columns alignfull has-ast-global-color-6-background-color has-text-color has-background is-layout-flex wp-container-core-columns-is-layout-28f84493 wp-block-columns-is-layout-flex\" style=\"color:#000000\">\n<div class=\"wp-block-column is-layout-flow wp-block-column-is-layout-flow\">\n<h3 class=\"has-text-align-left has-ast-global-color-8-color has-text-color wp-block-heading\" style=\"font-size:24px;line-height:1.3\">Es el nuevo sistema dise\u00f1ado por\u00a0<strong>FLONASA S.L<\/strong>., y un gran paso con el que hemos logrado cuidar dos cosas. Reducimos el consumo de agua y a su vez tenemos mayor producci\u00f3n. <\/h3>\n\n\n\n<p class=\"has-text-align-center\"><\/p>\n\n\n\n<p class=\"has-ast-global-color-8-color has-text-color\"><\/p>\n<\/div>\n\n\n\n<div class=\"wp-block-column is-layout-flow wp-block-column-is-layout-flow\">\n<p class=\"has-text-align-center\"><img loading=\"lazy\" decoding=\"async\" width=\"180\" height=\"205\" class=\"wp-image-2457\" style=\"width: 180px;\" src=\"https:\/\/flonasa.com\/wp-content\/uploads\/2022\/11\/condensadorhy_158.jpg\" alt=\"\"><\/p>\n<\/div>\n\n\n\n<div class=\"wp-block-column is-layout-flow wp-block-column-is-layout-flow\">\n<h3 class=\"has-text-align-left has-ast-global-color-8-color has-text-color has-medium-font-size wp-block-heading\" style=\"line-height:1.3\">Su funcionamiento es un sistema de condensaci\u00f3n\u00a0 <strong>HYBRIDO<\/strong>, permite funcionar el fabricador en condiciones extremas de temperatura, debido a la incorporaci\u00f3n del apoyo por agua, produci\u00e9ndose un funcionamiento con las garant\u00edas de condensaci\u00f3n de un equipo de agua y el consumo de uno de aire. <\/h3>\n\n\n\n<p class=\"has-text-align-center\"><\/p>\n<\/div>\n<\/div>\n\n\n\n<div class=\"wp-block-columns alignfull has-ast-global-color-6-background-color has-text-color has-background is-layout-flex wp-container-core-columns-is-layout-28f84493 wp-block-columns-is-layout-flex\" style=\"color:#000000\">\n<div class=\"wp-block-column is-layout-flow wp-block-column-is-layout-flow\">\n<h3 class=\"has-text-align-center has-ast-global-color-8-color has-text-color wp-block-heading\" style=\"font-size:24px;line-height:1.3\"><strong><strong>Altura Regulable:<\/strong><\/strong><\/h3>\n\n\n\n<p class=\"has-text-align-center\"><img loading=\"lazy\" decoding=\"async\" width=\"150\" height=\"109\" class=\"wp-image-2456\" style=\"width: 150px;\" src=\"https:\/\/flonasa.com\/wp-content\/uploads\/2022\/11\/boyamicro_158.jpg\" alt=\"\"><\/p>\n\n\n\n<p class=\"has-ast-global-color-8-color has-text-color\">De una manera simple y fiable, con elementos duraderos y conocidos por cualquier servicio t\u00e9cnico. <\/p>\n<\/div>\n\n\n\n<div class=\"wp-block-column is-layout-flow wp-block-column-is-layout-flow\">\n<h3 class=\"has-text-align-center has-ast-global-color-8-color has-text-color wp-block-heading\" style=\"font-size:24px;line-height:1.3\"><strong><strong>Di\u00e1metro regulable<\/strong>:<\/strong><\/h3>\n\n\n\n<p class=\"has-text-align-center\"><img loading=\"lazy\" decoding=\"async\" width=\"150\" height=\"172\" class=\"wp-image-2458\" style=\"width: 150px;\" src=\"https:\/\/flonasa.com\/wp-content\/uploads\/2022\/11\/palpador_158.jpg\" alt=\"\"><\/p>\n\n\n\n<p class=\"has-ast-global-color-8-color has-text-color\">El di\u00e1metro tambi\u00e9n es ajustable, con un sistema mec\u00e1nico simple que le proporcionar\u00e1 el tama\u00f1o deseado sin elementos electr\u00f3nicos.<\/p>\n<\/div>\n\n\n\n<div class=\"wp-block-column is-layout-flow wp-block-column-is-layout-flow\">\n<h3 class=\"has-text-align-center has-ast-global-color-8-color has-text-color wp-block-heading\" style=\"font-size:24px;line-height:1.3\"><strong>Indicador luminoso:<\/strong><\/h3>\n\n\n\n<p class=\"has-text-align-center\"><img loading=\"lazy\" decoding=\"async\" width=\"140\" height=\"139\" class=\"wp-image-2494\" style=\"width: 140px;\" src=\"https:\/\/flonasa.com\/wp-content\/uploads\/2022\/11\/invento.jpg\" alt=\"\" srcset=\"https:\/\/flonasa.com\/wp-content\/uploads\/2022\/11\/invento.jpg 140w, https:\/\/flonasa.com\/wp-content\/uploads\/2022\/11\/invento-100x100.jpg 100w\" sizes=\"auto, (max-width: 140px) 100vw, 140px\" \/><\/p>\n\n\n\n<p class=\"has-ast-global-color-8-color has-text-color\">El mismo fabricador nos avisara de las incidencias de trabajo<\/p>\n<\/div>\n<\/div>\n\n\n\n<div class=\"wp-block-columns alignfull has-ast-global-color-6-background-color has-text-color has-background is-layout-flex wp-container-core-columns-is-layout-28f84493 wp-block-columns-is-layout-flex\" style=\"color:#000000\">\n<div class=\"wp-block-column is-layout-flow wp-block-column-is-layout-flow\">\n<h3 class=\"has-text-align-center has-ast-global-color-8-color has-text-color wp-block-heading\" style=\"font-size:24px;line-height:1.3\"><strong>Filtro de condensador:<\/strong><\/h3>\n\n\n\n<p class=\"has-text-align-center\"><img loading=\"lazy\" decoding=\"async\" width=\"150\" height=\"125\" class=\"wp-image-2493\" style=\"width: 150px;\" src=\"https:\/\/flonasa.com\/wp-content\/uploads\/2022\/11\/invento-2.jpg\" alt=\"\"><\/p>\n\n\n\n<p class=\"has-ast-global-color-8-color has-text-color\">La m\u00e1quina incorpora un filtro de aire con el que evitamos que el condensador se obstruya de suciedad.<\/p>\n<\/div>\n\n\n\n<div class=\"wp-block-column is-layout-flow wp-block-column-is-layout-flow\">\n<h3 class=\"has-text-align-center has-ast-global-color-8-color has-text-color wp-block-heading\" style=\"font-size:24px;line-height:1.3\"><strong>Compleja ventilaci\u00f3n:<\/strong><\/h3>\n\n\n\n<p class=\"has-text-align-center\"><img loading=\"lazy\" decoding=\"async\" width=\"147\" height=\"162\" class=\"wp-image-2501\" style=\"width: 147px;\" src=\"https:\/\/flonasa.com\/wp-content\/uploads\/2022\/11\/ventilacion-maquina.jpg\" alt=\"\"><\/p>\n\n\n\n<p class=\"has-ast-global-color-8-color has-text-color\">Ventilaci\u00f3n por los cuatro lados, por lo que el fabricador dispone de mejores condiciones de trabajo<\/p>\n<\/div>\n\n\n\n<div class=\"wp-block-column is-layout-flow wp-block-column-is-layout-flow\">\n<h3 class=\"has-text-align-center has-ast-global-color-8-color has-text-color wp-block-heading\" style=\"font-size:24px;line-height:1.3\"><strong>Sin problemas de cal<\/strong>:<\/h3>\n\n\n\n<p class=\"has-text-align-center\"><\/p>\n\n\n\n<p class=\"has-ast-global-color-8-color has-text-color\">Gracias a su dise\u00f1o, al no tener bombas ni difusores la cal no representa problema alguno, afirmaci\u00f3n que\u00a0<strong>garantizamos por escrito<\/strong>.\u00a0<\/p>\n<\/div>\n<\/div>\n\n\n\n<h4 class=\"has-black-color has-ast-global-color-6-background-color has-text-color has-background has-medium-font-size wp-block-heading\"><strong>IMPORTANTE<\/strong>: La alimentaci\u00f3n el\u00e9ctrica de los fabricadores es&nbsp;<strong>230V \u2013 50Hz<\/strong>&nbsp;para el compresor y el ventilador. Todos los dem\u00e1s componentes funcionan a&nbsp;<strong>24V AC.<\/strong><img loading=\"lazy\" decoding=\"async\" width=\"150\" height=\"165\" class=\"wp-image-2459\" style=\"width: 150px;\" src=\"https:\/\/flonasa.com\/wp-content\/uploads\/2022\/11\/transfo_158.jpg\" alt=\"\"><\/h4>\n","protected":false},"excerpt":{"rendered":"<p>Es el nuevo sistema dise\u00f1ado por\u00a0FLONASA S.L., y un gran paso con el que hemos logrado cuidar dos cosas. Reducimos el consumo de agua y a su vez tenemos mayor producci\u00f3n. Su funcionamiento es un sistema de condensaci\u00f3n\u00a0 HYBRIDO, permite funcionar el fabricador en condiciones extremas de temperatura, debido a la incorporaci\u00f3n del apoyo por [&hellip;]<\/p>\n","protected":false},"author":1,"featured_media":0,"parent":0,"menu_order":0,"comment_status":"closed","ping_status":"closed","template":"","meta":{"site-sidebar-layout":"default","site-content-layout":"","ast-site-content-layout":"default","site-content-style":"default","site-sidebar-style":"default","ast-global-header-display":"","ast-banner-title-visibility":"","ast-main-header-display":"","ast-hfb-above-header-display":"","ast-hfb-below-header-display":"","ast-hfb-mobile-header-display":"","site-post-title":"","ast-breadcrumbs-content":"","ast-featured-img":"","footer-sml-layout":"","ast-disable-related-posts":"","theme-transparent-header-meta":"","adv-header-id-meta":"","stick-header-meta":"","header-above-stick-meta":"","header-main-stick-meta":"","header-below-stick-meta":"","astra-migrate-meta-layouts":"default","ast-page-background-enabled":"default","ast-page-background-meta":{"desktop":{"background-color":"var(--ast-global-color-4)","background-image":"","background-repeat":"repeat","background-position":"center center","background-size":"auto","background-attachment":"scroll","background-type":"","background-media":"","overlay-type":"","overlay-color":"","overlay-opacity":"","overlay-gradient":""},"tablet":{"background-color":"","background-image":"","background-repeat":"repeat","background-position":"center center","background-size":"auto","background-attachment":"scroll","background-type":"","background-media":"","overlay-type":"","overlay-color":"","overlay-opacity":"","overlay-gradient":""},"mobile":{"background-color":"","background-image":"","background-repeat":"repeat","background-position":"center center","background-size":"auto","background-attachment":"scroll","background-type":"","background-media":"","overlay-type":"","overlay-color":"","overlay-opacity":"","overlay-gradient":""}},"ast-content-background-meta":{"desktop":{"background-color":"var(--ast-global-color-5)","background-image":"","background-repeat":"repeat","background-position":"center center","background-size":"auto","background-attachment":"scroll","background-type":"","background-media":"","overlay-type":"","overlay-color":"","overlay-opacity":"","overlay-gradient":""},"tablet":{"background-color":"var(--ast-global-color-5)","background-image":"","background-repeat":"repeat","background-position":"center center","background-size":"auto","background-attachment":"scroll","background-type":"","background-media":"","overlay-type":"","overlay-color":"","overlay-opacity":"","overlay-gradient":""},"mobile":{"background-color":"var(--ast-global-color-5)","background-image":"","background-repeat":"repeat","background-position":"center center","background-size":"auto","background-attachment":"scroll","background-type":"","background-media":"","overlay-type":"","overlay-color":"","overlay-opacity":"","overlay-gradient":""}},"footnotes":""},"class_list":["post-3037","page","type-page","status-publish","hentry"],"_links":{"self":[{"href":"https:\/\/flonasa.com\/index.php?rest_route=\/wp\/v2\/pages\/3037","targetHints":{"allow":["GET"]}}],"collection":[{"href":"https:\/\/flonasa.com\/index.php?rest_route=\/wp\/v2\/pages"}],"about":[{"href":"https:\/\/flonasa.com\/index.php?rest_route=\/wp\/v2\/types\/page"}],"author":[{"embeddable":true,"href":"https:\/\/flonasa.com\/index.php?rest_route=\/wp\/v2\/users\/1"}],"replies":[{"embeddable":true,"href":"https:\/\/flonasa.com\/index.php?rest_route=%2Fwp%2Fv2%2Fcomments&post=3037"}],"version-history":[{"count":4,"href":"https:\/\/flonasa.com\/index.php?rest_route=\/wp\/v2\/pages\/3037\/revisions"}],"predecessor-version":[{"id":3129,"href":"https:\/\/flonasa.com\/index.php?rest_route=\/wp\/v2\/pages\/3037\/revisions\/3129"}],"wp:attachment":[{"href":"https:\/\/flonasa.com\/index.php?rest_route=%2Fwp%2Fv2%2Fmedia&parent=3037"}],"curies":[{"name":"wp","href":"https:\/\/api.w.org\/{rel}","templated":true}]}}